{"id":5663,"date":"2025-12-11T22:05:27","date_gmt":"2025-12-12T01:05:27","guid":{"rendered":"https:\/\/elxrskincare.com.br\/loja\/?post_type=product&#038;p=5663"},"modified":"2026-01-14T12:44:11","modified_gmt":"2026-01-14T15:44:11","slug":"mind-soul-ritual-dia-e-noite","status":"publish","type":"product","link":"https:\/\/elxrskincare.com.br\/loja\/produto\/mind-soul-ritual-dia-e-noite\/","title":{"rendered":"MIND &#038; SOUL RITUAL &#8211; DIA E NOITE"},"content":{"rendered":"<p><strong>FOCUS FLOW \/ Dia<\/strong><\/p>\n<p><span style=\"font-weight: 400;\">Um ritual diurno para um estado de presen\u00e7a ativa, mente desperta e energia direcionada.<\/span><span style=\"font-weight: 400;\"><br \/>\n<\/span><span style=\"font-weight: 400;\">Ativa a clareza mental, sustenta o foco e amplia a percep\u00e7\u00e3o, preparando voc\u00ea para um dia de performance consciente.<\/span><\/p>\n<p><strong>Lucid Dream \/ Noite<\/strong><\/p>\n<p><span style=\"font-weight: 400;\">Aromaterapia noturna criada para desacelerar corpo e mente, guiando voc\u00ea suavemente para o estado de transi\u00e7\u00e3o entre o consciente e o mundo dos sonhos.<\/span><\/p>\n","protected":false},"excerpt":{"rendered":"<div class=\"flex max-w-full flex-col\">\n<div class=\"min-h-8 text-message flex w-full flex-col items-end gap-2 whitespace-normal break-words text-start [.text-message+&amp;]:mt-5\" dir=\"auto\" data-message-author-role=\"assistant\" data-message-id=\"9bfd0347-5394-4257-a536-86f976b734f2\" data-message-model-slug=\"gpt-4o\">\n<div class=\"flex w-full flex-col gap-1 empty:hidden first:pt-[3px]\">\n<div class=\"markdown prose w-full break-words dark:prose-invert light\">\n<p><span style=\"font-weight: 400;\">O ciclo completo para quem deseja viver com presen\u00e7a, ritmo e equil\u00edbrio.<\/span><span style=\"font-weight: 400;\"><br \/>\n<\/span><span style=\"font-weight: 400;\">Um duo que sustenta o estado mental ideal ao longo do dia: <\/span><span style=\"font-weight: 400;\">clareza para produzir &#8211; serenidade para descansar.<\/span><\/p>\n<p><strong>FOCUS FLOW \u2013 MIND RITUAL<\/strong><span style=\"font-weight: 400;\"><br \/>\n<\/span><span style=\"font-weight: 400;\">Um spray para abrir o dia com foco, produtividade e alinhamento mental. <\/span><span style=\"font-weight: 400;\">Estimula clareza, concentra\u00e7\u00e3o e performance cognitiva, criando o ambiente ideal para estudos, cria\u00e7\u00e3o e trabalho profundo.<\/span><\/p>\n<p><strong>Benef\u00edcios Neurocosm\u00e9ticos e Emocionais<\/strong><\/p>\n<p><span style=\"font-weight: 400;\">O blend combina \u00f3leos essenciais cujos aromas, em estudos cient\u00edficos, foram associados a mais alerta mental, melhor desempenho cognitivo e sensa\u00e7\u00e3o de calma equilibrada.<\/span><\/p>\n<p><strong>Blend Aromaterapia:<\/strong><\/p>\n<p><span style=\"font-weight: 400;\">Mentha Piperita \u2013 Alecrim- Manjeric\u00e3o &#8211; Cedro do Atlas<\/span><\/p>\n<p><strong>LUCID DREAM \u2013 SOUL RITUAL<\/strong><span style=\"font-weight: 400;\"><br \/>\n<\/span><span style=\"font-weight: 400;\">Um portal arom\u00e1tico de relaxamento, intui\u00e7\u00e3o e sonhos. <\/span><span style=\"font-weight: 400;\">Desacelera o sistema interno, aprofunda a respira\u00e7\u00e3o e conduz a mente ao simb\u00f3lico, preparando o corpo para um descanso restaurador e sonhos mais v\u00edvidos.<\/span><\/p>\n<p><strong>Benef\u00edcios Neurocosm\u00e9ticos e Emocionais<\/strong><\/p>\n<p><span style=\"font-weight: 400;\">O blend LUCID DREAM acalma os sentidos e reduz a hiperatividade mental, favorecendo o desligamento gradual que antecede o sono.. A n\u00e9voa arom\u00e1tica envolve o ambiente em quietude, abrindo espa\u00e7o para um descanso mais profundo, sonhos mais v\u00edvidos e uma percep\u00e7\u00e3o mais sens\u00edvel da intui\u00e7\u00e3o. O blend guia voc\u00ea suavemente para o estado de transi\u00e7\u00e3o entre o consciente e o mundo dos sonhos.\u00a0<\/span><\/p>\n<p><strong>Blend Aromaterapia:<\/strong><\/p>\n<p><span style=\"font-weight: 400;\">Litsea Cubeba \u2022 Lavanda Fina \u2022 Neroli \u2022Bergamota \u2022Musk Branco<\/span><\/p>\n<p><span style=\"font-weight: 400;\"><strong>DIA E NOITE:<\/strong> o ritual sintonizado ao ciclo circadiano.<\/span><span style=\"font-weight: 400;\"><br \/>\n<\/span><span style=\"font-weight: 400;\">Juntos, criam um fluxo natural entre a\u00e7\u00e3o e entrega:<\/span><span style=\"font-weight: 400;\"><br \/>\n<\/span><span style=\"font-weight: 400;\">a mente desperta e produtiva ao amanhecer,<\/span><span style=\"font-weight: 400;\"><br \/>\n<\/span><span style=\"font-weight: 400;\">a consci\u00eancia suave e intuitiva ao anoitecer.<\/span><\/p>\n<\/div>\n<\/div>\n<\/div>\n<\/div>\n<p><a class=\"btn btn-square\" title=\"veja o teste de efic\u00e1cia do produto\" href=\"https:\/\/elxrskincare.com.br\/loja\/testes-de-eficacia\/\" target=\"_blank\" rel=\"noopener\">TESTES DE EFIC\u00c1CIA<\/a><\/p>\n<div class=\"promo\"><strong><em>Desconto de 5% no pix<\/em><\/strong><\/div>\n","protected":false},"featured_media":5666,"comment_status":"open","ping_status":"closed","template":"","meta":{"_acf_changed":false,"_joinchat":[]},"product_cat":[39,42],"product_tag":[],"class_list":{"0":"post-5663","1":"product","2":"type-product","3":"status-publish","4":"has-post-thumbnail","6":"product_cat-kits-promocionais","7":"product_cat-neuroaromas-sprays","9":"first","10":"instock","11":"sale","12":"taxable","13":"shipping-taxable","14":"purchasable","15":"product-type-simple"},"acf":[],"_links":{"self":[{"href":"https:\/\/elxrskincare.com.br\/loja\/wp-json\/wp\/v2\/product\/5663","targetHints":{"allow":["GET"]}}],"collection":[{"href":"https:\/\/elxrskincare.com.br\/loja\/wp-json\/wp\/v2\/product"}],"about":[{"href":"https:\/\/elxrskincare.com.br\/loja\/wp-json\/wp\/v2\/types\/product"}],"replies":[{"embeddable":true,"href":"https:\/\/elxrskincare.com.br\/loja\/wp-json\/wp\/v2\/comments?post=5663"}],"wp:featuredmedia":[{"embeddable":true,"href":"https:\/\/elxrskincare.com.br\/loja\/wp-json\/wp\/v2\/media\/5666"}],"wp:attachment":[{"href":"https:\/\/elxrskincare.com.br\/loja\/wp-json\/wp\/v2\/media?parent=5663"}],"wp:term":[{"taxonomy":"product_cat","embeddable":true,"href":"https:\/\/elxrskincare.com.br\/loja\/wp-json\/wp\/v2\/product_cat?post=5663"},{"taxonomy":"product_tag","embeddable":true,"href":"https:\/\/elxrskincare.com.br\/loja\/wp-json\/wp\/v2\/product_tag?post=5663"}],"curies":[{"name":"wp","href":"https:\/\/api.w.org\/{rel}","templated":true}]}}