{"id":5652,"date":"2025-12-10T19:29:31","date_gmt":"2025-12-10T22:29:31","guid":{"rendered":"https:\/\/elxrskincare.com.br\/loja\/?post_type=product&#038;p=5652"},"modified":"2026-05-01T14:48:37","modified_gmt":"2026-05-01T17:48:37","slug":"amor-proprio-energia","status":"publish","type":"product","link":"https:\/\/elxrskincare.com.br\/loja\/produto\/amor-proprio-energia\/","title":{"rendered":"Amor Pr\u00f3prio &#038; Energia"},"content":{"rendered":"<p><span style=\"font-weight: 400;\"><strong>SELF LOVE\u00a0<\/strong> traduz o DNA sensorial da ELXR \u2014 minimalista, bot\u00e2nico e emocionalmente sofisticado.\u00a0<\/span><\/p>\n<p><span style=\"font-weight: 400;\">O blend une a ci\u00eancia da neurocosm\u00e9tica a alquimia de \u00f3leos essenciais que despertam prazer, autoestima e bem-estar.<\/span><\/p>\n<p><strong>Benef\u00edcios Neurocosm\u00e9ticos e Emocionais<\/strong><\/p>\n<p><span style=\"font-weight: 400;\">Estimula neurotransmissores do prazer e da alegria (serotonina e dopamina)<\/span><span style=\"font-weight: 400;\"><br \/>\n<\/span><span style=\"font-weight: 400;\">Promove sensa\u00e7\u00e3o de amor-pr\u00f3prio, autoestima e confian\u00e7a<\/span><span style=\"font-weight: 400;\"><br \/>\n<\/span><span style=\"font-weight: 400;\">Harmoniza o humor e o bem-estar feminino<\/span><span style=\"font-weight: 400;\"><br \/>\n<\/span><span style=\"font-weight: 400;\">Evoca leveza, feminilidade e energia solar<\/span><span style=\"font-weight: 400;\"><br \/>\n<\/span><span style=\"font-weight: 400;\">Ritual olfativo ideal para momentos de autocuidado e reconex\u00e3o<\/span><\/p>\n<p>___________________________________________________________________<\/p>\n<p><strong>Cellpower Energy:<\/strong> Ativa as sirtu\u00ednas da longevidade com efeito energ\u00e9tico e antifadiga celular.<br \/>\nProtege contra o stress oxidativo, melhora a oxigena\u00e7\u00e3o tecidual e aumenta a firmeza e elasticidade da pele.<br \/>\nDesperte a energia e a luminosidade da sua pele diariamente.<\/p>\n<p>ATIVOS:<\/p>\n<p>Coenzima Q10 nanoencapsulada \/ CoQ10<br \/>\nUbiquinona<br \/>\nLitsea Cubeba<\/p>\n","protected":false},"excerpt":{"rendered":"<p><span style=\"font-weight: 400;\">Ritual Feminino para Novos Come\u00e7os.<\/span><\/p>\n<p><span style=\"font-weight: 400;\">Combina o sabonete neurocosm\u00e9tico SELF LOVE com a energia mitocondrial do CellPower Energy, criando um ritual minimalista para novos come\u00e7os com amor-pr\u00f3prio, energia e presen\u00e7a.<\/span><\/p>\n<p><span style=\"font-weight: 400;\">SELF LOVE : inspirado na orqu\u00eddea roxa, s\u00edmbolo de feminilidade e transforma\u00e7\u00e3o.\u00a0<\/span><\/p>\n<p><span style=\"font-weight: 400;\">Seu blend de Laranja Doce, Ger\u00e2nio e Ylang Ylang ativa o eixo pele\u2013c\u00e9rebro, estimulando neurotransmissores ligados ao prazer, presen\u00e7a e autoconfian\u00e7a \u2014 um convite di\u00e1rio ao amor-pr\u00f3prio e \u00e0 sensualidade natural.<\/span><\/p>\n<p><b>\u00d3leos essenciais :<\/b><span style=\"font-weight: 400;\"> Laranja Doce, Ger\u00e2nio, Ylang Ylang e Orqu\u00eddea Roxa<\/span><\/p>\n<p><b>A\u00e7\u00e3o neurocosm\u00e9tica pelo eixo pele\u2013c\u00e9rebro:\u00a0<\/b><\/p>\n<p><span style=\"font-weight: 400;\">&#8211; Est\u00edmulo de neurotransmissores ligados ao prazer, autoconfian\u00e7a e bem-estar<\/span><\/p>\n<p><span style=\"font-weight: 400;\">&#8211; Ritual sensorial para amor-pr\u00f3prio, feminilidade e presen\u00e7a<\/span><\/p>\n<p><b>CELLPOWER ENERGY :<\/b><span style=\"font-weight: 400;\">\u00a0 traz CoQ10 nanoencapsulada pura, um potente energ\u00e9tico e antioxidante celular. Promove energia mitocondrial, aumenta a resili\u00eancia da pele ao estresse e potencializa outros produtos da linha .<\/span><\/p>\n<p><a class=\"btn btn-square\" title=\"veja o teste de efic\u00e1cia do produto\" href=\"https:\/\/elxrskincare.com.br\/loja\/testes-de-eficacia\/\" target=\"_blank\" rel=\"noopener\">TESTES DE EFIC\u00c1CIA<\/a><\/p>\n<div class=\"promo\"><strong><em>Desconto de 5% no pix<\/em><\/strong><\/div>\n","protected":false},"featured_media":5653,"comment_status":"open","ping_status":"closed","template":"","meta":{"_acf_changed":false,"_joinchat":[]},"product_cat":[39],"product_tag":[],"class_list":{"0":"post-5652","1":"product","2":"type-product","3":"status-publish","4":"has-post-thumbnail","6":"product_cat-kits-promocionais","8":"first","9":"instock","10":"sale","11":"taxable","12":"shipping-taxable","13":"purchasable","14":"product-type-simple"},"acf":[],"_links":{"self":[{"href":"https:\/\/elxrskincare.com.br\/loja\/wp-json\/wp\/v2\/product\/5652","targetHints":{"allow":["GET"]}}],"collection":[{"href":"https:\/\/elxrskincare.com.br\/loja\/wp-json\/wp\/v2\/product"}],"about":[{"href":"https:\/\/elxrskincare.com.br\/loja\/wp-json\/wp\/v2\/types\/product"}],"replies":[{"embeddable":true,"href":"https:\/\/elxrskincare.com.br\/loja\/wp-json\/wp\/v2\/comments?post=5652"}],"wp:featuredmedia":[{"embeddable":true,"href":"https:\/\/elxrskincare.com.br\/loja\/wp-json\/wp\/v2\/media\/5653"}],"wp:attachment":[{"href":"https:\/\/elxrskincare.com.br\/loja\/wp-json\/wp\/v2\/media?parent=5652"}],"wp:term":[{"taxonomy":"product_cat","embeddable":true,"href":"https:\/\/elxrskincare.com.br\/loja\/wp-json\/wp\/v2\/product_cat?post=5652"},{"taxonomy":"product_tag","embeddable":true,"href":"https:\/\/elxrskincare.com.br\/loja\/wp-json\/wp\/v2\/product_tag?post=5652"}],"curies":[{"name":"wp","href":"https:\/\/api.w.org\/{rel}","templated":true}]}}