{"id":5305,"date":"2024-12-11T18:45:37","date_gmt":"2024-12-11T21:45:37","guid":{"rendered":"https:\/\/elxrskincare.com.br\/loja\/?post_type=product&#038;p=5305"},"modified":"2026-04-22T09:48:02","modified_gmt":"2026-04-22T12:48:02","slug":"momento-presente","status":"publish","type":"product","link":"https:\/\/elxrskincare.com.br\/loja\/produto\/momento-presente\/","title":{"rendered":"Momento Presente"},"content":{"rendered":"<p>BOOSTER PRIMER VITAL POWER \u2013 ELXR<br \/>\nVITAL POWER<br \/>\nANVISA:  25351.373706\/2024-14<br \/>\nEAN-13 : 7898601559729<\/p>\n<p><strong>BOOSTER PRIMER ELXR<\/strong><\/p>\n<p><strong>Semeie vitalidade, regenera\u00e7\u00e3o e poder na sua pele.<\/strong><br \/>\n<strong>TECNOLOGIA SMART:<\/strong> Soothing \/ Calmante, Moisturizing \/ Hidratante, Anti-aging \/ Pro-Longevidade, Restructuring \/ Regenerativo, Touch \/ Toque.<br \/>\n<strong>Longevidade \/ Regenerativo:<\/strong> Neutraliza Radicais Livres \/ ROS, Neutraliza C\u00e9lulas Senescentes \/ SAS, Neutraliza \u201cInflamaging\u201d \/ Efeito Anti-inflamat\u00f3rio, SkinFood \/ Prebi\u00f3tico, Lifting \/ Preenchimento Natural, Nanotech, Biomim\u00e9tico.<\/p>\n<hr \/>\n<p><strong>GROUNDING ELXR<\/strong><\/p>\n<p><strong>Sabonte liquido<\/strong> neurocosm\u00e9tico,\u00a0 com \u00f3leos essenciais , para um momento de pura presen\u00e7a e bem-estar.<br \/>\nPermita-se Pausar e celebrar a vida.<br \/>\nLuxos poss\u00edveis para seus rituais di\u00e1rios.<\/p>\n<p><strong>Validade:<\/strong> 2 anos ap\u00f3s a abertura<br \/>\n<strong>C\u00f3dio de barras:<\/strong> 4110250152906<\/p>\n","protected":false},"excerpt":{"rendered":"<p><span style=\"font-weight: 400;\">O prazer de conectar-se ao momento presente\u00a0<\/span><\/p>\n<p><span style=\"font-weight: 400;\"><strong>GROUNDING ELXR:<\/strong> O sabonete l\u00edquido <\/span><b>Grounding<\/b><span style=\"font-weight: 400;\"> \u00e9 inspirado na pr\u00e1tica de aten\u00e7\u00e3o plena e reconex\u00e3o com a terra.<\/span><\/p>\n<p><b>\u00d3leos Essenciais<\/b><span style=\"font-weight: 400;\">: A combina\u00e7\u00e3o de L\u00e1dano da Espanha e Bergamota promove equil\u00edbrio emocional e bem-estar, estimulando a libera\u00e7\u00e3o de serotonina e dopamina.<\/span><\/p>\n<p><b>Aroma Envolvente<\/b><span style=\"font-weight: 400;\">: Notas c\u00edtricas frescas de Bergamota se encontram com o calor bals\u00e2mico do L\u00e1dano, finalizadas por um toque reconfortante de Cedro, Patchouli e \u00e2mbar.<\/span><\/p>\n<p><b>Cuidado e Conex\u00e3o<\/b><span style=\"font-weight: 400;\">: Limpa, hidrata e perfuma as m\u00e3os enquanto proporciona momentos de pausa e tranquilidade.<\/span><\/p>\n<p><span style=\"font-weight: 400;\">Transforme seu ritual di\u00e1rio em um instante de presen\u00e7a e autocuidado.<\/span><\/p>\n<p><span style=\"font-weight: 400;\"><strong>VITAL POWER:<\/strong> Um s\u00e9rum pro-longevidade e regenerativo, ideal para combater danos e inflama\u00e7\u00f5es que aceleram o envelhecimento da pele.<\/span><\/p>\n<p><b>Sangue de Drag\u00e3o<\/b><span style=\"font-weight: 400;\">: Potente ativo com a\u00e7\u00e3o epigen\u00e9tica, que combate a inflama\u00e7\u00e3o subcl\u00ednica respons\u00e1vel pelo <\/span><b>inflamaging<\/b><span style=\"font-weight: 400;\">, promovendo a regenera\u00e7\u00e3o e a sa\u00fade da pele. Acelera a recupera\u00e7\u00e3o da pele e \u00e9 um aliado p\u00f3s procedimentos dermatol\u00f3gicos.<\/span><\/p>\n<p><b>Prebi\u00f3ticos<\/b><span style=\"font-weight: 400;\">: Restaura o equil\u00edbrio da barreira cut\u00e2nea, fortalecendo sua defesa natural.<\/span><\/p>\n<p><b>Tecnologia SMART<\/b><span style=\"font-weight: 400;\">: Proporciona um efeito primer, protegendo contra danos ambientais e oxidativos. Tratamento que acalma, hidrata e reestrutura a pele.<\/span><\/p>\n<p><b>Neurocosm\u00e9tico<\/b><span style=\"font-weight: 400;\">: Enriquecido com \u00f3leo essencial de <\/span><b>Mentha piperita<\/b><span style=\"font-weight: 400;\">, estimula o foco e o despertar, promovendo uma sensa\u00e7\u00e3o revigorante.<\/span><\/p>\n<p><span style=\"font-weight: 400;\">Transforme sua rotina com Vital Power: energia, regenera\u00e7\u00e3o e cuidado para sua pele e mente!<\/span><\/p>\n<p><b>PRIMER TECNOLOGIA SMART:\u00a0<\/b><\/p>\n<p>Soothing \/ Calmante \u2013 Moisturizing\/ Hidratante\u00a0 \u2013 Anti-aging\/\u00a0Pro-Longevidade \u2013 Restructuring \/ Regenerativo\u2013 Touch\/ Toque<\/p>\n<p><a class=\"btn btn-square\" title=\"veja o teste de efic\u00e1cia do produto\" href=\"https:\/\/elxrskincare.com.br\/loja\/testes-de-eficacia\/\" target=\"_blank\" rel=\"noopener\">TESTES DE EFIC\u00c1CIA<\/a><\/p>\n<div class=\"promo\"><strong><em>Desconto de 5% no pix<\/em><\/strong><\/div>\n","protected":false},"featured_media":5306,"comment_status":"open","ping_status":"closed","template":"","meta":{"_acf_changed":false,"_joinchat":[]},"product_cat":[39],"product_tag":[],"class_list":{"0":"post-5305","1":"product","2":"type-product","3":"status-publish","4":"has-post-thumbnail","6":"product_cat-kits-promocionais","8":"first","9":"instock","10":"sale","11":"taxable","12":"shipping-taxable","13":"purchasable","14":"product-type-simple"},"acf":[],"_links":{"self":[{"href":"https:\/\/elxrskincare.com.br\/loja\/wp-json\/wp\/v2\/product\/5305","targetHints":{"allow":["GET"]}}],"collection":[{"href":"https:\/\/elxrskincare.com.br\/loja\/wp-json\/wp\/v2\/product"}],"about":[{"href":"https:\/\/elxrskincare.com.br\/loja\/wp-json\/wp\/v2\/types\/product"}],"replies":[{"embeddable":true,"href":"https:\/\/elxrskincare.com.br\/loja\/wp-json\/wp\/v2\/comments?post=5305"}],"wp:featuredmedia":[{"embeddable":true,"href":"https:\/\/elxrskincare.com.br\/loja\/wp-json\/wp\/v2\/media\/5306"}],"wp:attachment":[{"href":"https:\/\/elxrskincare.com.br\/loja\/wp-json\/wp\/v2\/media?parent=5305"}],"wp:term":[{"taxonomy":"product_cat","embeddable":true,"href":"https:\/\/elxrskincare.com.br\/loja\/wp-json\/wp\/v2\/product_cat?post=5305"},{"taxonomy":"product_tag","embeddable":true,"href":"https:\/\/elxrskincare.com.br\/loja\/wp-json\/wp\/v2\/product_tag?post=5305"}],"curies":[{"name":"wp","href":"https:\/\/api.w.org\/{rel}","templated":true}]}}