{"id":5270,"date":"2024-12-09T23:26:56","date_gmt":"2024-12-10T02:26:56","guid":{"rendered":"https:\/\/elxrskincare.com.br\/loja\/?post_type=product&#038;p=5270"},"modified":"2026-04-29T21:57:44","modified_gmt":"2026-04-30T00:57:44","slug":"vitalidade-e-energia","status":"publish","type":"product","link":"https:\/\/elxrskincare.com.br\/loja\/produto\/vitalidade-e-energia\/","title":{"rendered":"Vitalidade e Energia"},"content":{"rendered":"<p>BOOSTER ELXR CELLPOWER ENERGY &#8211; ELXR<br \/>\nCELLPOWER ENERGY<br \/>\nANVISA: 25351.3736ELL50\/2024-06<br \/>\nEAN-13 : 7898601559712<\/p>\n<hr \/>\n<p>BOOSTER PRIMER VITAL POWER \u2013 ELXR<br \/>\nVITAL POWER<br \/>\nANVISA: 25351.373706\/2024-14<br \/>\nEAN-13 : 7898601559729<\/p>\n","protected":false},"excerpt":{"rendered":"<p><strong>VITAL POWER:<\/strong> Potente com a\u00e7\u00e3o epigen\u00e9tica e regenerativa para danos e inflama\u00e7\u00e3o, cont\u00e9m Sangue de Drag\u00e3o , com a\u00e7\u00e3o epigen\u00e9tica e regenerativa. Combate a inflama\u00e7\u00e3o subcl\u00ednica que acelera o envelhecimento da pele, o inflamaging e restaura o equil\u00edbrio da barreira da pele com prebi\u00f3ticos. Efeito primer com tecnologia SMART.<br \/>\nNeurocosm\u00e9tico com \u00f3leo essencial de mentha piperita para foco e despertar.<\/p>\n<p><strong>PRIMER TECNOLOGIA SMART : <\/strong>Soothing \/ Calmante \u2013 Moisturizing\/ Hidratante \u2013 Anti-aging\/ Pro-Longevidade \u2013 Restructuring \/ Regenerativo\u2013 Touch\/ Toque<\/p>\n<p><strong>CELLPOWER ENERGY:<\/strong> Um booster ultra concentrado de Coenzima Q10 nanoencapsulada pura, formulado para a\u00e7\u00e3o mitocondrial multifuncional, cuidando tanto do rosto quanto do corpo. Sua f\u00f3rmula energiza profundamente, revitalizando e nutrindo a pele com efici\u00eancia superior.<br \/>\nneurocosm\u00e9tico com \u00f3leo essencial de Litsea Cubeba, conhecido por promover uma experi\u00eancia de bem-estar entregando energia, vitalidade solar e alegria.<br \/>\nPassado, Presente e Futuro na pele.<\/p>\n<p><a class=\"btn btn-square\" title=\"veja o teste de efic\u00e1cia do produto\" href=\"https:\/\/elxrskincare.com.br\/loja\/testes-de-eficacia\/\" target=\"_blank\" rel=\"noopener\">TESTES DE EFIC\u00c1CIA<\/a><\/p>\n<div class=\"promo\"><strong><em>Desconto de 5% no pix<\/em><\/strong><\/div>\n","protected":false},"featured_media":5272,"comment_status":"open","ping_status":"closed","template":"","meta":{"_acf_changed":false,"_joinchat":[]},"product_cat":[39,27],"product_tag":[],"class_list":{"0":"post-5270","1":"product","2":"type-product","3":"status-publish","4":"has-post-thumbnail","6":"product_cat-kits-promocionais","7":"product_cat-skincare","9":"first","10":"instock","11":"sale","12":"taxable","13":"shipping-taxable","14":"purchasable","15":"product-type-simple"},"acf":[],"_links":{"self":[{"href":"https:\/\/elxrskincare.com.br\/loja\/wp-json\/wp\/v2\/product\/5270","targetHints":{"allow":["GET"]}}],"collection":[{"href":"https:\/\/elxrskincare.com.br\/loja\/wp-json\/wp\/v2\/product"}],"about":[{"href":"https:\/\/elxrskincare.com.br\/loja\/wp-json\/wp\/v2\/types\/product"}],"replies":[{"embeddable":true,"href":"https:\/\/elxrskincare.com.br\/loja\/wp-json\/wp\/v2\/comments?post=5270"}],"wp:featuredmedia":[{"embeddable":true,"href":"https:\/\/elxrskincare.com.br\/loja\/wp-json\/wp\/v2\/media\/5272"}],"wp:attachment":[{"href":"https:\/\/elxrskincare.com.br\/loja\/wp-json\/wp\/v2\/media?parent=5270"}],"wp:term":[{"taxonomy":"product_cat","embeddable":true,"href":"https:\/\/elxrskincare.com.br\/loja\/wp-json\/wp\/v2\/product_cat?post=5270"},{"taxonomy":"product_tag","embeddable":true,"href":"https:\/\/elxrskincare.com.br\/loja\/wp-json\/wp\/v2\/product_tag?post=5270"}],"curies":[{"name":"wp","href":"https:\/\/api.w.org\/{rel}","templated":true}]}}