{"id":5268,"date":"2024-12-09T23:07:53","date_gmt":"2024-12-10T02:07:53","guid":{"rendered":"https:\/\/elxrskincare.com.br\/loja\/?post_type=product&#038;p=5268"},"modified":"2026-04-22T09:48:02","modified_gmt":"2026-04-22T12:48:02","slug":"energia-e-bem-estar","status":"publish","type":"product","link":"https:\/\/elxrskincare.com.br\/loja\/produto\/energia-e-bem-estar\/","title":{"rendered":"Energia e Bem-Estar"},"content":{"rendered":"<p>BOOSTER ELXR CELLPOWER ENERGY &#8211; ELXR<br \/>\nCELLPOWER ENERGY<br \/>\nANVISA: 25351.3736ELL50\/2024-06<br \/>\nEAN-13 : 7898601559712<\/p>\n","protected":false},"excerpt":{"rendered":"<p><b>Gut-Mind-Skin Axis: O Eixo Intestino-C\u00e9rebro-Pele<\/b><\/p>\n<p><span style=\"font-weight: 400;\">A beleza come\u00e7a de dentro para fora. Energia e Bem-Estar foi desenvolvido para equilibrar o eixo intestinal e promover uma pele radiante e saud\u00e1vel, ao mesmo tempo em que harmoniza mente e corpo.<\/span><\/p>\n<p><b>DIGEST+<\/b><span style=\"font-weight: 400;\">: Um col\u00e1geno inovador enriquecido com NAC e antioxidantes, projetado para tratar a barreira intestinal e combater problemas de permeabilidade (leaky gut).\u00a0<\/span><\/p>\n<p><span style=\"font-weight: 400;\">Ao restaurar o equil\u00edbrio intestinal, melhora condi\u00e7\u00f5es de pele como ros\u00e1cea e melasma, enquanto fortalece sua sa\u00fade geral.<\/span><\/p>\n<p><b>CELLPOWER ENERGY<\/b><span style=\"font-weight: 400;\">: Um booster ultra concentrado de Coenzima Q10 nanoencapsulada pura, com a\u00e7\u00e3o mitocondrial e multifuncional, ideal para cuidados faciais e corporais.\u00a0<\/span><\/p>\n<p><span style=\"font-weight: 400;\">Enriquecido com \u00f3leo essencial de Litsea Cubeba, promove energia, vitalidade solar e alegria.<\/span><\/p>\n<p><span style=\"font-weight: 400;\">Sa\u00fade, beleza e bem-estar caminham juntas.<\/span><\/p>\n<p><a class=\"btn btn-square\" title=\"veja o teste de efic\u00e1cia do produto\" href=\"https:\/\/elxrskincare.com.br\/loja\/testes-de-eficacia\/\" target=\"_blank\" rel=\"noopener\">TESTES DE EFIC\u00c1CIA<\/a><\/p>\n<div class=\"promo\"><strong><em>Desconto de 5% no pix<\/em><\/strong><\/div>\n","protected":false},"featured_media":5277,"comment_status":"open","ping_status":"closed","template":"","meta":{"_acf_changed":false,"_joinchat":[]},"product_cat":[39],"product_tag":[],"class_list":{"0":"post-5268","1":"product","2":"type-product","3":"status-publish","4":"has-post-thumbnail","6":"product_cat-kits-promocionais","8":"first","9":"outofstock","10":"sale","11":"taxable","12":"shipping-taxable","13":"purchasable","14":"product-type-simple"},"acf":[],"_links":{"self":[{"href":"https:\/\/elxrskincare.com.br\/loja\/wp-json\/wp\/v2\/product\/5268","targetHints":{"allow":["GET"]}}],"collection":[{"href":"https:\/\/elxrskincare.com.br\/loja\/wp-json\/wp\/v2\/product"}],"about":[{"href":"https:\/\/elxrskincare.com.br\/loja\/wp-json\/wp\/v2\/types\/product"}],"replies":[{"embeddable":true,"href":"https:\/\/elxrskincare.com.br\/loja\/wp-json\/wp\/v2\/comments?post=5268"}],"wp:featuredmedia":[{"embeddable":true,"href":"https:\/\/elxrskincare.com.br\/loja\/wp-json\/wp\/v2\/media\/5277"}],"wp:attachment":[{"href":"https:\/\/elxrskincare.com.br\/loja\/wp-json\/wp\/v2\/media?parent=5268"}],"wp:term":[{"taxonomy":"product_cat","embeddable":true,"href":"https:\/\/elxrskincare.com.br\/loja\/wp-json\/wp\/v2\/product_cat?post=5268"},{"taxonomy":"product_tag","embeddable":true,"href":"https:\/\/elxrskincare.com.br\/loja\/wp-json\/wp\/v2\/product_tag?post=5268"}],"curies":[{"name":"wp","href":"https:\/\/api.w.org\/{rel}","templated":true}]}}