{"id":5180,"date":"2024-12-03T14:10:34","date_gmt":"2024-12-03T17:10:34","guid":{"rendered":"https:\/\/elxrskincare.com.br\/loja\/?post_type=product&#038;p=5180"},"modified":"2025-12-10T20:22:50","modified_gmt":"2025-12-10T23:22:50","slug":"forest-bathing-elxr","status":"publish","type":"product","link":"https:\/\/elxrskincare.com.br\/loja\/produto\/forest-bathing-elxr\/","title":{"rendered":"Forest Bathing"},"content":{"rendered":"<p>Sabonete l\u00edquido neurocosm\u00e9tico, com \u00f3leos essenciais, para um momento de pura presen\u00e7a e bem-estar.<br \/>\nPermita-se pausar e celebrar a vida.<br \/>\nLuxos poss\u00edveis para os seus rituais di\u00e1rios.<\/p>\n<p>O prazer da imers\u00e3o revigorante na floresta.<\/p>\n<p><strong>Validade:<\/strong> 2 anos ap\u00f3s a abertura<\/p>\n<p><strong>C\u00f3digo de barras:<\/strong> 4110250151106<\/p>\n<p>&nbsp;<\/p>\n","protected":false},"excerpt":{"rendered":"<p>Sabonete l\u00edquido neurocosm\u00e9tico, com \u00f3leos essenciais, para um momento de pura presen\u00e7a e bem-estar.<br \/>\nPermita-se pausar e celebrar a vida.<br \/>\nLuxos poss\u00edveis para os seus rituais di\u00e1rios.<\/p>\n<p>O prazer da imers\u00e3o revigorante na floresta.<\/p>\n<p><strong>Validade:<\/strong> 2 anos ap\u00f3s a abertura<\/p>\n<p><strong>C\u00f3digo de barras:<\/strong> 4110250151106<\/p>\n<div class=\"promo\"><strong><em>Desconto de 5% no pix<\/em><\/strong><\/div>\n","protected":false},"featured_media":5181,"comment_status":"open","ping_status":"closed","template":"","meta":{"_acf_changed":false,"_joinchat":[]},"product_cat":[38],"product_tag":[],"class_list":{"0":"post-5180","1":"product","2":"type-product","3":"status-publish","4":"has-post-thumbnail","6":"product_cat-sabonete-neurocosmeticos","8":"first","9":"instock","10":"taxable","11":"shipping-taxable","12":"purchasable","13":"product-type-simple"},"acf":[],"_links":{"self":[{"href":"https:\/\/elxrskincare.com.br\/loja\/wp-json\/wp\/v2\/product\/5180","targetHints":{"allow":["GET"]}}],"collection":[{"href":"https:\/\/elxrskincare.com.br\/loja\/wp-json\/wp\/v2\/product"}],"about":[{"href":"https:\/\/elxrskincare.com.br\/loja\/wp-json\/wp\/v2\/types\/product"}],"replies":[{"embeddable":true,"href":"https:\/\/elxrskincare.com.br\/loja\/wp-json\/wp\/v2\/comments?post=5180"}],"wp:featuredmedia":[{"embeddable":true,"href":"https:\/\/elxrskincare.com.br\/loja\/wp-json\/wp\/v2\/media\/5181"}],"wp:attachment":[{"href":"https:\/\/elxrskincare.com.br\/loja\/wp-json\/wp\/v2\/media?parent=5180"}],"wp:term":[{"taxonomy":"product_cat","embeddable":true,"href":"https:\/\/elxrskincare.com.br\/loja\/wp-json\/wp\/v2\/product_cat?post=5180"},{"taxonomy":"product_tag","embeddable":true,"href":"https:\/\/elxrskincare.com.br\/loja\/wp-json\/wp\/v2\/product_tag?post=5180"}],"curies":[{"name":"wp","href":"https:\/\/api.w.org\/{rel}","templated":true}]}}