{"id":5177,"date":"2024-12-03T13:45:52","date_gmt":"2024-12-03T16:45:52","guid":{"rendered":"https:\/\/elxrskincare.com.br\/loja\/?post_type=product&#038;p=5177"},"modified":"2026-04-22T09:48:02","modified_gmt":"2026-04-22T12:48:02","slug":"grounding-elxr","status":"publish","type":"product","link":"https:\/\/elxrskincare.com.br\/loja\/produto\/grounding-elxr\/","title":{"rendered":"GROUNDING  ELXR"},"content":{"rendered":"<p>Sabonte liquido neurocosm\u00e9tico,\u00a0 com \u00f3leos essenciais , para um momento de pura presen\u00e7a e bem-estar.<br \/>\nPermita-se Pausar e celebrar a vida.<br \/>\nLuxos poss\u00edveis para seus rituais di\u00e1rios.<\/p>\n<p><strong>Validade:<\/strong> 2 anos ap\u00f3s a abertura<br \/>\n<strong>C\u00f3digo de barras:<\/strong> 4110250152906<\/p>\n","protected":false},"excerpt":{"rendered":"<p>O prazer de conectar-se no momento Presente.<br \/>\nInspirado no conceito de grounding \u2013 uma pr\u00e1tica de reconex\u00e3o com a terra e aten\u00e7\u00e3o plena \u2013ELXR traz uma experi\u00eancia sensorial celebrando o aqui e agora.<br \/>\nSabonte liquido neurocosm\u00e9tico, com \u00f3leos essenciais de L\u00e1dano da Espanha e Bergamota, para um momento de pura presen\u00e7a e bem-estar. Entregam a libera\u00e7\u00e3o de neurotransmissores do bem-estar (serotonina e dopamina) e ajudam a equilibrar corpo e mente.<br \/>\nProporciona m\u00e3os suavemente limpas, hidratadas e perfumadas.<br \/>\nPermita-se Pausar .<br \/>\nLuxos poss\u00edveis para seus rituais di\u00e1rios.<\/p>\n<p><strong>Validade:<\/strong> 2 anos ap\u00f3s a abertura<br \/>\n<strong>C\u00f3digo de barras:<\/strong> 4110250152906<\/p>\n<div class=\"promo\"><strong><em>Desconto de 5% no pix<\/em><\/strong><\/div>\n","protected":false},"featured_media":5178,"comment_status":"open","ping_status":"closed","template":"","meta":{"_acf_changed":false,"_joinchat":[]},"product_cat":[38],"product_tag":[],"class_list":{"0":"post-5177","1":"product","2":"type-product","3":"status-publish","4":"has-post-thumbnail","6":"product_cat-sabonete-neurocosmeticos","8":"first","9":"instock","10":"taxable","11":"shipping-taxable","12":"purchasable","13":"product-type-simple"},"acf":[],"_links":{"self":[{"href":"https:\/\/elxrskincare.com.br\/loja\/wp-json\/wp\/v2\/product\/5177","targetHints":{"allow":["GET"]}}],"collection":[{"href":"https:\/\/elxrskincare.com.br\/loja\/wp-json\/wp\/v2\/product"}],"about":[{"href":"https:\/\/elxrskincare.com.br\/loja\/wp-json\/wp\/v2\/types\/product"}],"replies":[{"embeddable":true,"href":"https:\/\/elxrskincare.com.br\/loja\/wp-json\/wp\/v2\/comments?post=5177"}],"wp:featuredmedia":[{"embeddable":true,"href":"https:\/\/elxrskincare.com.br\/loja\/wp-json\/wp\/v2\/media\/5178"}],"wp:attachment":[{"href":"https:\/\/elxrskincare.com.br\/loja\/wp-json\/wp\/v2\/media?parent=5177"}],"wp:term":[{"taxonomy":"product_cat","embeddable":true,"href":"https:\/\/elxrskincare.com.br\/loja\/wp-json\/wp\/v2\/product_cat?post=5177"},{"taxonomy":"product_tag","embeddable":true,"href":"https:\/\/elxrskincare.com.br\/loja\/wp-json\/wp\/v2\/product_tag?post=5177"}],"curies":[{"name":"wp","href":"https:\/\/api.w.org\/{rel}","templated":true}]}}