{"id":5106,"date":"2024-11-29T23:25:49","date_gmt":"2024-11-30T02:25:49","guid":{"rendered":"https:\/\/elxrskincare.com.br\/loja\/?post_type=product&#038;p=5106"},"modified":"2026-04-22T09:48:02","modified_gmt":"2026-04-22T12:48:02","slug":"glow-symbiotics","status":"publish","type":"product","link":"https:\/\/elxrskincare.com.br\/loja\/produto\/glow-symbiotics\/","title":{"rendered":"Glow Symbiotics"},"content":{"rendered":"<p>BOOSTER PRIMER GLOW SYMBIOTICS \u2013 ELXR<br \/>\nGLOW SYMBIOTICS<br \/>\nANVISA: 25351.373816\/2024-86<br \/>\nEAN-13 : 7898601559705<\/p>\n","protected":false},"excerpt":{"rendered":"<p>Intensifique a luminosidade da sua pele com Glow Symbiotics.<\/p>\n<p>F\u00f3rmula biotecnol\u00f3gica com ativos nanoencapsulados para benef\u00edcios m\u00e1ximos, ativando as sirtu\u00ednas pro-longevidade.<\/p>\n<p>Primer com Tecnologia S.M.A.R.T.* que trata, suaviza e prepara a pele.<\/p>\n<p>Simbi\u00f3tico (pre+ p\u00f3s-bi\u00f3ticos) equilibram a microbiota e protegem contra polui\u00e7\u00e3o e stress oxidativo.<\/p>\n<p>Booster Primer regenerativo para uma pele radiante e fortalecida diariamente, com a\u00e7\u00e3o lifting e suaviza\u00e7\u00e3o de marcas de express\u00e3o.<\/p>\n<p><strong>ATIVOS:<\/strong><\/p>\n<ul style=\"padding: 0; text-align: left;\">\n<li>NANO UP LIFT<\/li>\n<li>FUCOCERT<\/li>\n<li>ECOSKIN<\/li>\n<li>PLANTCOL<\/li>\n<\/ul>\n<p><strong>BOOSTER PRIMER GLOW SYMBIOTICS<\/strong><\/p>\n<ul style=\"padding: 0; text-align: left;\">\n<li>Radi\u00e2ncia Bi\u00f3tica \/ Lifting \/ Pro-Longevidade<\/li>\n<li>Simbi\u00f3tico (Pre+P\u00f3sbi\u00f3tico)<\/li>\n<li>Biomim\u00e9tico<\/li>\n<li>Neutraliza Radicais Livres \/ ROS<\/li>\n<li>Neutraliza C\u00e9lulas Senescentes \/ SAS<\/li>\n<li>Nano Up-Lift (Lifting)<\/li>\n<\/ul>\n<p>TECNOLOGIA SMART: [Soothing \/ Calmante \u2013 Moisturizing \/ Hidratante \u2013 Anti-aging \/ Pro-Longevidade \u2013 Restructuring \/ Regenerativo \u2013 Touch \/ Toque]<\/p>\n<p><strong>NEUROCOSM\u00c9TICO:<\/strong><\/p>\n<ul style=\"padding: 0; text-align: left;\">\n<li>Litsea Cubeba \/ May Chang: Sensorial: Energ\u00e9tico, Solar<\/li>\n<li>Ativa: Alegria, Energia e Bem-Estar nos seus rituais di\u00e1rios.<\/li>\n<\/ul>\n<ul style=\"padding: 0; text-align: left;\">\n<li><\/li>\n<\/ul>\n<p><a class=\"btn btn-square\" title=\"veja o teste de efic\u00e1cia do produto\" href=\"https:\/\/elxrskincare.com.br\/loja\/testes-de-eficacia\/\" target=\"_blank\" rel=\"noopener\">TESTES DE EFIC\u00c1CIA<\/a><\/p>\n","protected":false},"featured_media":5107,"comment_status":"open","ping_status":"closed","template":"","meta":{"_acf_changed":false,"_joinchat":[]},"product_cat":[27],"product_tag":[],"class_list":{"0":"post-5106","1":"product","2":"type-product","3":"status-publish","4":"has-post-thumbnail","6":"product_cat-skincare","8":"first","9":"instock","10":"taxable","11":"shipping-taxable","12":"purchasable","13":"product-type-variable","14":"has-default-attributes"},"acf":[],"_links":{"self":[{"href":"https:\/\/elxrskincare.com.br\/loja\/wp-json\/wp\/v2\/product\/5106","targetHints":{"allow":["GET"]}}],"collection":[{"href":"https:\/\/elxrskincare.com.br\/loja\/wp-json\/wp\/v2\/product"}],"about":[{"href":"https:\/\/elxrskincare.com.br\/loja\/wp-json\/wp\/v2\/types\/product"}],"replies":[{"embeddable":true,"href":"https:\/\/elxrskincare.com.br\/loja\/wp-json\/wp\/v2\/comments?post=5106"}],"wp:featuredmedia":[{"embeddable":true,"href":"https:\/\/elxrskincare.com.br\/loja\/wp-json\/wp\/v2\/media\/5107"}],"wp:attachment":[{"href":"https:\/\/elxrskincare.com.br\/loja\/wp-json\/wp\/v2\/media?parent=5106"}],"wp:term":[{"taxonomy":"product_cat","embeddable":true,"href":"https:\/\/elxrskincare.com.br\/loja\/wp-json\/wp\/v2\/product_cat?post=5106"},{"taxonomy":"product_tag","embeddable":true,"href":"https:\/\/elxrskincare.com.br\/loja\/wp-json\/wp\/v2\/product_tag?post=5106"}],"curies":[{"name":"wp","href":"https:\/\/api.w.org\/{rel}","templated":true}]}}