{"id":5100,"date":"2024-11-29T22:53:26","date_gmt":"2024-11-30T01:53:26","guid":{"rendered":"https:\/\/elxrskincare.com.br\/loja\/?post_type=product&#038;p=5100"},"modified":"2026-04-22T09:48:03","modified_gmt":"2026-04-22T12:48:03","slug":"vital-power","status":"publish","type":"product","link":"https:\/\/elxrskincare.com.br\/loja\/produto\/vital-power\/","title":{"rendered":"Vital Power"},"content":{"rendered":"<p>BOOSTER PRIMER VITAL POWER \u2013 ELXR<br \/>\nVITAL POWER<br \/>\nANVISA: 25351.373706\/2024-14<br \/>\nEAN-13 : 7898601559729<\/p>\n","protected":false},"excerpt":{"rendered":"<p>Potente e com a\u00e7\u00e3o epigen\u00e9tica, Vital Power cont\u00e9m ativos regenerativos, antiox e nanotecnol\u00f3gicos para reverter danos celulares na pele. Ativa as sirtu\u00ednas da longevidade, desacelerando o envelhecimento. Protege a pele do stress oxidativo e c\u00e9lulas senescentes, as principais causas do envelhecimento (\u201cinflammaging\u201d).<\/p>\n<p>Entrega lifting e suaviza\u00e7\u00e3o de linhas de express\u00e3o, nutre e fortalece a barreira da pele com prebi\u00f3ticos. Tecnologia primer SMART que trata, suaviza e prepara a pele.<\/p>\n<p><strong>ATIVOS:<\/strong><\/p>\n<ul style=\"padding: 0; text-align: left;\">\n<li>DRAGONS BLOOD \/ Sangue de Drag\u00e3o<\/li>\n<li>Nano Up Lift<\/li>\n<li>Nano DMAE<\/li>\n<li>BIOECOLIA<\/li>\n<\/ul>\n<p><strong>BOOSTER VITAL POWER<\/strong><\/p>\n<ul style=\"padding: 0; text-align: left;\">\n<li>Pro-longevidade e Regenerativo<\/li>\n<li>Antinflamat\u00f3rio \/ Combate \u201cInflamaging\u201d<\/li>\n<li>Neutraliza ROS \/ Radicais Livres<\/li>\n<li>Neutraliza C\u00e9lulas Senescente \/ SASP<\/li>\n<li>Lifting \/ Suaviza\u00e7\u00e3o de Linhas de Express\u00e3o<\/li>\n<li>SkinFood \/ Prebi\u00f3tico<\/li>\n<\/ul>\n<p>TECNOLOGIA SMART: [Soothing \/ Calmante \u2013 Moisturizing \/ Hidratante \u2013 Anti-aging \/ Pro-Longevidade \u2013 Restructuring \/ Regenerativo \u2013 Touch \/ Toque]<\/p>\n<p><strong>NEUROCOSM\u00c9TICO:<\/strong><\/p>\n<ul style=\"margin-left: 10px; padding: 0; text-align: left;\">\n<li>Mentha Piperita (Menta-Aqu\u00e1tica + Hortel\u00e3-Verde)<\/li>\n<li>Sensorial: Fresco, Herb\u00e1ceo e Mentolado<\/li>\n<li>Ativa: Foco e Energia<\/li>\n<li>Proporciona: Conforto e Equil\u00edbrio, Liberdade e Disposi\u00e7\u00e3o<\/li>\n<li>Melhora: Autoestima<\/li>\n<li>Propriedades Antioxidantes: Combatem danos causados pelos radicais livres (ROS) e desaceleram o envelhecimento da pele.<\/li>\n<\/ul>\n<p><a class=\"btn btn-square\" title=\"veja o teste de efic\u00e1cia do produto\" href=\"https:\/\/elxrskincare.com.br\/loja\/testes-de-eficacia\/\" target=\"_blank\" rel=\"noopener\">TESTES DE EFIC\u00c1CIA<\/a><\/p>\n","protected":false},"featured_media":5101,"comment_status":"open","ping_status":"closed","template":"","meta":{"_acf_changed":false,"_joinchat":[]},"product_cat":[27],"product_tag":[],"class_list":{"0":"post-5100","1":"product","2":"type-product","3":"status-publish","4":"has-post-thumbnail","6":"product_cat-skincare","8":"first","9":"instock","10":"taxable","11":"shipping-taxable","12":"purchasable","13":"product-type-variable","14":"has-default-attributes"},"acf":[],"_links":{"self":[{"href":"https:\/\/elxrskincare.com.br\/loja\/wp-json\/wp\/v2\/product\/5100","targetHints":{"allow":["GET"]}}],"collection":[{"href":"https:\/\/elxrskincare.com.br\/loja\/wp-json\/wp\/v2\/product"}],"about":[{"href":"https:\/\/elxrskincare.com.br\/loja\/wp-json\/wp\/v2\/types\/product"}],"replies":[{"embeddable":true,"href":"https:\/\/elxrskincare.com.br\/loja\/wp-json\/wp\/v2\/comments?post=5100"}],"wp:featuredmedia":[{"embeddable":true,"href":"https:\/\/elxrskincare.com.br\/loja\/wp-json\/wp\/v2\/media\/5101"}],"wp:attachment":[{"href":"https:\/\/elxrskincare.com.br\/loja\/wp-json\/wp\/v2\/media?parent=5100"}],"wp:term":[{"taxonomy":"product_cat","embeddable":true,"href":"https:\/\/elxrskincare.com.br\/loja\/wp-json\/wp\/v2\/product_cat?post=5100"},{"taxonomy":"product_tag","embeddable":true,"href":"https:\/\/elxrskincare.com.br\/loja\/wp-json\/wp\/v2\/product_tag?post=5100"}],"curies":[{"name":"wp","href":"https:\/\/api.w.org\/{rel}","templated":true}]}}