{"id":4071,"date":"2020-09-10T01:54:30","date_gmt":"2020-09-10T04:54:30","guid":{"rendered":"https:\/\/elxrskincare.com.br\/loja\/?post_type=product&#038;p=4071"},"modified":"2024-02-07T18:16:20","modified_gmt":"2024-02-07T21:16:20","slug":"bio-lift","status":"publish","type":"product","link":"https:\/\/elxrskincare.com.br\/loja\/produto\/bio-lift\/","title":{"rendered":"3 BIO-LIFT <span>\/ LIFTING PROBI\u00d3TICO<\/span>"},"content":{"rendered":"<h3>BIO-LIFT \/ LIFTING PROBI\u00d3TICO<\/h3>\n<p>Terceiro passo para nutri\u00e7\u00e3o pr\u00f3-longevidade, com agentes firmadores, lifting e pool de ativos antioxidantes.<br \/>\nLifting probi\u00f3tico com a forma mais potente de Resveratrol, a Delta-Viniferina.<br \/>\nAtua na matriz celular e promove aumento de elasticidade, firmeza e diminui\u00e7\u00e3o de linhas.<br \/>\nCont\u00e9m pre+prob\u00f3ticos, esqualano vegetal da cana-de-ac\u00facar brasileira, \u00e1cido hialur\u00f4nico, delta-viniferina, alantoina.<br \/>\nEfeito anti-poluic\u00e3o e anti luz azul.<br \/>\nDesenvolvido para todas peles, especialmente indicado para peles maduras.<br \/>\nPr\u00f3-longevidade, fortalece a pele e doa glow, radi\u00e2ncia com efeito lifting.<br \/>\nDermatologicamente testado. Efic\u00e1cia comprovada.<br \/>\nSensorial com \u00f3leos essenciais inspirados no ritual zen \u201cForest Bathing\u201d, trazendo alegria, energia, foco e prote\u00e7\u00e3o ao seu dia.<\/p>\n","protected":false},"excerpt":{"rendered":"<p>Terceiro passo para nutri\u00e7\u00e3o pr\u00f3-longevidade, com agentes firmadores, lifting e pool de ativos antioxidantes.<br \/>\nLifting probi\u00f3tico com a forma mais potente de Resveratrol , a Delta-Viniferina.<br \/>\nAtua na matriz celular e promove aumento de elasticidade, firmeza e diminui\u00e7\u00e3o de linhas.<br \/>\nCont\u00e9m pre+prob\u00f3ticos, esqualano vegetal da cana-de-ac\u00facar brasileira, \u00e1cido hialur\u00f4nico, delta-viniferina, alantoina.<\/p>\n<div class=\"promo\">Promo\u00e7\u00e3o relamp\u00e2go com <strong>30% de desconto<\/strong> + <strong>(<em>Desconto de 5% no pix<\/em>)<\/strong><\/div>\n","protected":false},"featured_media":4147,"comment_status":"open","ping_status":"closed","template":"","meta":{"_acf_changed":false,"_joinchat":[]},"product_cat":[27],"product_tag":[],"class_list":{"0":"post-4071","1":"product","2":"type-product","3":"status-publish","4":"has-post-thumbnail","6":"product_cat-skincare","8":"first","9":"outofstock","10":"taxable","11":"shipping-taxable","12":"purchasable","13":"product-type-simple"},"acf":[],"_links":{"self":[{"href":"https:\/\/elxrskincare.com.br\/loja\/wp-json\/wp\/v2\/product\/4071","targetHints":{"allow":["GET"]}}],"collection":[{"href":"https:\/\/elxrskincare.com.br\/loja\/wp-json\/wp\/v2\/product"}],"about":[{"href":"https:\/\/elxrskincare.com.br\/loja\/wp-json\/wp\/v2\/types\/product"}],"replies":[{"embeddable":true,"href":"https:\/\/elxrskincare.com.br\/loja\/wp-json\/wp\/v2\/comments?post=4071"}],"wp:featuredmedia":[{"embeddable":true,"href":"https:\/\/elxrskincare.com.br\/loja\/wp-json\/wp\/v2\/media\/4147"}],"wp:attachment":[{"href":"https:\/\/elxrskincare.com.br\/loja\/wp-json\/wp\/v2\/media?parent=4071"}],"wp:term":[{"taxonomy":"product_cat","embeddable":true,"href":"https:\/\/elxrskincare.com.br\/loja\/wp-json\/wp\/v2\/product_cat?post=4071"},{"taxonomy":"product_tag","embeddable":true,"href":"https:\/\/elxrskincare.com.br\/loja\/wp-json\/wp\/v2\/product_tag?post=4071"}],"curies":[{"name":"wp","href":"https:\/\/api.w.org\/{rel}","templated":true}]}}