{"id":4069,"date":"2020-09-10T01:52:25","date_gmt":"2020-09-10T04:52:25","guid":{"rendered":"https:\/\/elxrskincare.com.br\/loja\/?post_type=product&#038;p=4069"},"modified":"2024-02-07T18:15:26","modified_gmt":"2024-02-07T21:15:26","slug":"beauty-mist","status":"publish","type":"product","link":"https:\/\/elxrskincare.com.br\/loja\/produto\/beauty-mist\/","title":{"rendered":"2 BEAUTY MIST <span>\/ BRUMA NUTRITIVA FACIAL<\/span>"},"content":{"rendered":"<h3>BEAUTY MIST \/ BRUMA NUTRITIVA FACIAL<\/h3>\n<p>Renova\u00e7\u00e3o e repara\u00e7\u00e3o da pele, fortalecimento da microbiota, trazendo frescor, hidrata\u00e7\u00e3o e luminosidade naturalmente.<br \/>\nAcalma e renova a pele atrav\u00e9s de ativos como pantenol e alantonia, cont\u00e9m pre+probi\u00f3ticos, esqualano vegetal da cana-de-ac\u00facar brasileira, \u00e1cido hialur\u00f4nico. Hidratac\u00e3o leve, sem pesar.<br \/>\nPode ser usado antes da maquiagem, na praia, ap\u00f3s procedimentos dermatol\u00f3gicos ou sempre que quiser um boost de frescor e hidrata\u00e7\u00e3o. Pode ser usada como beach wave para ondas praianas nos cabelos.<br \/>\nEfeito anti-poluic\u00e3o e anti luz azul.com<br \/>\nDesenvolvido tamb\u00e9m para peles sens\u00edveis (ros\u00e1cea, psor\u00edase, Melasma)<br \/>\nPro-age, fortalece a pele e doa glow, radi\u00e2ncia.<br \/>\nSensorial com \u00f3leos essenciais inspirados n ritual zen \u201cForest Bathing\u201d, trazendo alegria, energia, foco e prote\u00e7\u00e3o ao seu dia,<\/p>\n","protected":false},"excerpt":{"rendered":"<p>Renova\u00e7\u00e3o e repara\u00e7\u00e3o da pele, fortalecimento da microbiota, trazendo frescor, hidrata\u00e7\u00e3o e luminosidade naturalmente.<br \/>\nAcalma e renova a pele atrav\u00e9s de ativos como pantenol e alantonia, cont\u00e9m pre+probi\u00f3ticos, esqualano vegetal da cana-de-ac\u00facar brasileira, \u00e1cido hialur\u00f4nico. Hidratac\u00e3o leve, sem pesar.<\/p>\n<div class=\"promo\">Promo\u00e7\u00e3o relamp\u00e2go com <strong>20% de desconto<\/strong> + <strong>(<em>Desconto de 5% no pix<\/em>)<\/strong><\/div>\n","protected":false},"featured_media":4047,"comment_status":"open","ping_status":"closed","template":"","meta":{"_acf_changed":false,"_joinchat":[]},"product_cat":[27],"product_tag":[],"class_list":{"0":"post-4069","1":"product","2":"type-product","3":"status-publish","4":"has-post-thumbnail","6":"product_cat-skincare","8":"first","9":"outofstock","10":"taxable","11":"shipping-taxable","12":"purchasable","13":"product-type-simple"},"acf":[],"_links":{"self":[{"href":"https:\/\/elxrskincare.com.br\/loja\/wp-json\/wp\/v2\/product\/4069","targetHints":{"allow":["GET"]}}],"collection":[{"href":"https:\/\/elxrskincare.com.br\/loja\/wp-json\/wp\/v2\/product"}],"about":[{"href":"https:\/\/elxrskincare.com.br\/loja\/wp-json\/wp\/v2\/types\/product"}],"replies":[{"embeddable":true,"href":"https:\/\/elxrskincare.com.br\/loja\/wp-json\/wp\/v2\/comments?post=4069"}],"wp:featuredmedia":[{"embeddable":true,"href":"https:\/\/elxrskincare.com.br\/loja\/wp-json\/wp\/v2\/media\/4047"}],"wp:attachment":[{"href":"https:\/\/elxrskincare.com.br\/loja\/wp-json\/wp\/v2\/media?parent=4069"}],"wp:term":[{"taxonomy":"product_cat","embeddable":true,"href":"https:\/\/elxrskincare.com.br\/loja\/wp-json\/wp\/v2\/product_cat?post=4069"},{"taxonomy":"product_tag","embeddable":true,"href":"https:\/\/elxrskincare.com.br\/loja\/wp-json\/wp\/v2\/product_tag?post=4069"}],"curies":[{"name":"wp","href":"https:\/\/api.w.org\/{rel}","templated":true}]}}