{"id":4068,"date":"2020-09-10T01:49:59","date_gmt":"2020-09-10T04:49:59","guid":{"rendered":"https:\/\/elxrskincare.com.br\/loja\/?post_type=product&#038;p=4068"},"modified":"2024-02-07T18:06:03","modified_gmt":"2024-02-07T21:06:03","slug":"hydra-cleanser","status":"publish","type":"product","link":"https:\/\/elxrskincare.com.br\/loja\/produto\/hydra-cleanser\/","title":{"rendered":"1 HYDRA CLEANSER <span>\/ LIMPEZA RADIANTE<\/span>"},"content":{"rendered":"<h3>1 HYDRA CLEANSER \/ LIMPEZA RADIANTE<\/h3>\n<p>Elixir de limpeza facial, energiza, hidrata e deixa a pele radiante. Fortalece a microbiota.<br \/>\nPromove um filtro de at\u00e9 8hs de poros refinados e oleosidade controlada.<br \/>\nInspirado no Ayurveda, cont\u00e9m L\u00f3tus Egipcia e L\u00f3tus Sagrada, pre+probi\u00f3ticos, ch\u00e1 verde, aloe vera, esqualano vegetal da cana-de-ac\u00facar brasileira.<br \/>\nPromove um filtro natural na pele, com efeito at\u00e9 8hs refinando poros e deixando a pele naturalmente bonita, sendo a maquiagem sua op\u00e7\u00e3o.<br \/>\nEfeito anti-poluic\u00e3o e anti luz azul.<br \/>\nDesenvolvido tamb\u00e9m para peles propensas a acne e manchas.<br \/>\npr\u00f3-longevidade, fortalece a pele e tem efeito primer\/filtro.<br \/>\nSensorial com \u00f3leos essenciais inspirados no ritual zen \u201cForest Bathing\u201d, trazendo alegria, energia, foco e prote\u00e7\u00e3o ao seu dia.<\/p>\n","protected":false},"excerpt":{"rendered":"<p>Elixir de limpeza facial, energiza, hidrata e deixa a pele radiante.<br \/>\nFortalece a microbiota da pele.<br \/>\nPromove um filtro de at\u00e9 8hs de poros refinados e oleosidade controlada.<\/p>\n<div class=\"promo\">Promo\u00e7\u00e3o relamp\u00e2go com <strong>20% de desconto<\/strong> + <strong>(<em>Desconto de 5% no pix<\/em>)<\/strong><\/div>\n","protected":false},"featured_media":4045,"comment_status":"open","ping_status":"closed","template":"","meta":{"_acf_changed":false,"_joinchat":[]},"product_cat":[27],"product_tag":[],"class_list":{"0":"post-4068","1":"product","2":"type-product","3":"status-publish","4":"has-post-thumbnail","6":"product_cat-skincare","8":"first","9":"outofstock","10":"taxable","11":"shipping-taxable","12":"purchasable","13":"product-type-simple"},"acf":[],"_links":{"self":[{"href":"https:\/\/elxrskincare.com.br\/loja\/wp-json\/wp\/v2\/product\/4068","targetHints":{"allow":["GET"]}}],"collection":[{"href":"https:\/\/elxrskincare.com.br\/loja\/wp-json\/wp\/v2\/product"}],"about":[{"href":"https:\/\/elxrskincare.com.br\/loja\/wp-json\/wp\/v2\/types\/product"}],"replies":[{"embeddable":true,"href":"https:\/\/elxrskincare.com.br\/loja\/wp-json\/wp\/v2\/comments?post=4068"}],"wp:featuredmedia":[{"embeddable":true,"href":"https:\/\/elxrskincare.com.br\/loja\/wp-json\/wp\/v2\/media\/4045"}],"wp:attachment":[{"href":"https:\/\/elxrskincare.com.br\/loja\/wp-json\/wp\/v2\/media?parent=4068"}],"wp:term":[{"taxonomy":"product_cat","embeddable":true,"href":"https:\/\/elxrskincare.com.br\/loja\/wp-json\/wp\/v2\/product_cat?post=4068"},{"taxonomy":"product_tag","embeddable":true,"href":"https:\/\/elxrskincare.com.br\/loja\/wp-json\/wp\/v2\/product_tag?post=4068"}],"curies":[{"name":"wp","href":"https:\/\/api.w.org\/{rel}","templated":true}]}}