{"id":4067,"date":"2020-09-10T01:26:28","date_gmt":"2020-09-10T04:26:28","guid":{"rendered":"https:\/\/elxrskincare.com.br\/loja\/?post_type=product&#038;p=4067"},"modified":"2024-02-07T18:05:52","modified_gmt":"2024-02-07T21:05:52","slug":"kit-trilogia-elxr","status":"publish","type":"product","link":"https:\/\/elxrskincare.com.br\/loja\/produto\/kit-trilogia-elxr\/","title":{"rendered":"Trilogia ELXR <span>\/ Kit com 3 Produtos<\/span>"},"content":{"rendered":"<p>Trilogia pr\u00f3-longevidade, hidrata promovendo lifting, firmeza e elasticidade a pele, resultando em radi\u00e2ncia natural.<\/p>\n<p>Inspirada pelo equil\u00edbrio e riqueza de diversidade da Floresta ( conceito zen de Forest Bathing \/ Shrin-Yoku) ,\u00a0 que significa literalmente receber a floresta atrav\u00e9s dos sentidos e espelhando nosso pr\u00f3prio ecossistema ( microbioma cut\u00e2neo), a linha ELXR tem na sua ess\u00eancia alto \u00edndice de concentracao e ativos naturais .<\/p>\n<p>Al\u00e9m de possu\u00edrem qualidades exclusivas separadas, os 3 produtos combinados geram uma combina\u00e7\u00e3o \u00fanica, potencializando o resultado de alta performance para sa\u00fade e beleza da sua pele.<\/p>\n<p>O conceito hol\u00edstico da Trilogia ELXR Skincare est\u00e1 presente em todos os detalhes, da formula\u00e7\u00e3o aos aromas e \u00f3leos essenciais \u00fanicos e frescos.<\/p>\n<p>Beleza limpa com alta performance, para todos os tipos de pele e g\u00eaneros.<\/p>\n<p><strong>TRILOGIA ELXR CONT\u00c9M:<\/strong><\/p>\n<p><a href=\"\/loja\/produto\/hydra-cleanser\/\" target=\"_blank\" rel=\"noopener noreferrer\">HYDRA CLEANSER \/ LIMPEZA RADIANTE<\/a><br \/>\n<a href=\"\/loja\/produto\/beauty-mist\/\" target=\"_blank\" rel=\"noopener noreferrer\">BEAUTY MIST \/ BRUMA NUTRITIVA<\/a><br \/>\n<a href=\"\/loja\/produto\/bio-lift\/\" target=\"_blank\" rel=\"noopener noreferrer\">BIO-LIFT \/ LIFTING PROBI\u00d3TICO<\/a><\/p>\n","protected":false},"excerpt":{"rendered":"<p>Trilogia que limpa, reequilibra e nutre o microbioma cut\u00e2neo em 3 passos minimalistas para seu ritual de skincare.<br \/>\nToda a linha \u00e9 vegana e cont\u00e9m pre+probi\u00f3ticos, esqualano vegetal e \u00e1cido glic\u00f3lico na composi\u00e7\u00e3o.<\/p>\n<div class=\"promo\">Promo\u00e7\u00e3o relamp\u00e2go com <strong>30% de desconto<\/strong> + <strong>(<em>Desconto de 5% no pix<\/em>)<\/strong><\/div>\n","protected":false},"featured_media":4048,"comment_status":"open","ping_status":"closed","template":"","meta":{"_acf_changed":false,"_joinchat":[]},"product_cat":[27],"product_tag":[],"class_list":{"0":"post-4067","1":"product","2":"type-product","3":"status-publish","4":"has-post-thumbnail","6":"product_cat-skincare","8":"first","9":"outofstock","10":"taxable","11":"shipping-taxable","12":"purchasable","13":"product-type-simple"},"acf":[],"_links":{"self":[{"href":"https:\/\/elxrskincare.com.br\/loja\/wp-json\/wp\/v2\/product\/4067","targetHints":{"allow":["GET"]}}],"collection":[{"href":"https:\/\/elxrskincare.com.br\/loja\/wp-json\/wp\/v2\/product"}],"about":[{"href":"https:\/\/elxrskincare.com.br\/loja\/wp-json\/wp\/v2\/types\/product"}],"replies":[{"embeddable":true,"href":"https:\/\/elxrskincare.com.br\/loja\/wp-json\/wp\/v2\/comments?post=4067"}],"wp:featuredmedia":[{"embeddable":true,"href":"https:\/\/elxrskincare.com.br\/loja\/wp-json\/wp\/v2\/media\/4048"}],"wp:attachment":[{"href":"https:\/\/elxrskincare.com.br\/loja\/wp-json\/wp\/v2\/media?parent=4067"}],"wp:term":[{"taxonomy":"product_cat","embeddable":true,"href":"https:\/\/elxrskincare.com.br\/loja\/wp-json\/wp\/v2\/product_cat?post=4067"},{"taxonomy":"product_tag","embeddable":true,"href":"https:\/\/elxrskincare.com.br\/loja\/wp-json\/wp\/v2\/product_tag?post=4067"}],"curies":[{"name":"wp","href":"https:\/\/api.w.org\/{rel}","templated":true}]}}