{"id":5234,"date":"2024-12-05T16:40:55","date_gmt":"2024-12-05T19:40:55","guid":{"rendered":"https:\/\/elxrskincare.com.br\/loja\/?page_id=5234"},"modified":"2025-08-07T16:47:39","modified_gmt":"2025-08-07T19:47:39","slug":"testes-de-eficacia","status":"publish","type":"page","link":"https:\/\/elxrskincare.com.br\/loja\/testes-de-eficacia\/","title":{"rendered":"TESTES DE EFIC\u00c1CIA"},"content":{"rendered":"\t\t<div data-elementor-type=\"wp-page\" data-elementor-id=\"5234\" class=\"elementor elementor-5234\">\n\t\t\t\t\t\t<section class=\"elementor-section elementor-top-section elementor-element elementor-element-87321f9 elementor-section-boxed elementor-section-height-default elementor-section-height-default\" data-id=\"87321f9\" data-element_type=\"section\">\n\t\t\t\t\t\t<div class=\"elementor-container elementor-column-gap-default\">\n\t\t\t\t\t<div class=\"elementor-column elementor-col-50 elementor-top-column elementor-element elementor-element-c6e2e06\" data-id=\"c6e2e06\" data-element_type=\"column\">\n\t\t\t<div class=\"elementor-widget-wrap elementor-element-populated\">\n\t\t\t\t\t\t<div class=\"elementor-element elementor-element-5d0a88a elementor-widget elementor-widget-image\" data-id=\"5d0a88a\" data-element_type=\"widget\" data-widget_type=\"image.default\">\n\t\t\t\t<div class=\"elementor-widget-container\">\n\t\t\t\t\t\t\t\t\t\t\t\t\t<img fetchpriority=\"high\" decoding=\"async\" width=\"661\" height=\"1024\" src=\"https:\/\/elxrskincare.com.br\/loja\/wp-content\/uploads\/2024\/12\/NOVOS-ANCESTRAIS-661x1024.jpg\" class=\"attachment-large size-large wp-image-5260\" alt=\"\" srcset=\"https:\/\/elxrskincare.com.br\/loja\/wp-content\/uploads\/2024\/12\/NOVOS-ANCESTRAIS-661x1024.jpg 661w, https:\/\/elxrskincare.com.br\/loja\/wp-content\/uploads\/2024\/12\/NOVOS-ANCESTRAIS-194x300.jpg 194w, https:\/\/elxrskincare.com.br\/loja\/wp-content\/uploads\/2024\/12\/NOVOS-ANCESTRAIS-768x1191.jpg 768w, https:\/\/elxrskincare.com.br\/loja\/wp-content\/uploads\/2024\/12\/NOVOS-ANCESTRAIS-991x1536.jpg 991w, https:\/\/elxrskincare.com.br\/loja\/wp-content\/uploads\/2024\/12\/NOVOS-ANCESTRAIS-555x860.jpg 555w, https:\/\/elxrskincare.com.br\/loja\/wp-content\/uploads\/2024\/12\/NOVOS-ANCESTRAIS.jpg 1083w\" sizes=\"(max-width: 661px) 100vw, 661px\" \/>\t\t\t\t\t\t\t\t\t\t\t\t\t<\/div>\n\t\t\t\t<\/div>\n\t\t\t\t\t<\/div>\n\t\t<\/div>\n\t\t\t\t<div class=\"elementor-column elementor-col-50 elementor-top-column elementor-element elementor-element-b5d666c\" data-id=\"b5d666c\" data-element_type=\"column\">\n\t\t\t<div class=\"elementor-widget-wrap elementor-element-populated\">\n\t\t\t\t\t\t<div class=\"elementor-element elementor-element-66f69bb elementor-invisible elementor-widget elementor-widget-text-editor\" data-id=\"66f69bb\" data-element_type=\"widget\" data-settings=\"{&quot;_animation&quot;:&quot;fadeInUp&quot;}\" data-widget_type=\"text-editor.default\">\n\t\t\t\t<div class=\"elementor-widget-container\">\n\t\t\t\t\t\t\t<h2 class=\"titulo\">Inova\u00e7\u00e3o e Ancestralidade para o Poder Vital da Pele<\/h2><h3 class=\"sub\">Ative os Genes da Longevidade e Regenera\u00e7\u00e3o com BOOSTER PRIMER ELXR<\/h3><p>Revolucione seu skincare: uma fus\u00e3o inovadora entre a ci\u00eancia da longevidade e o poder dos ativos ancestrais, criada para transformar sua pele e entregar resultados extraordin\u00e1rios.<\/p><h2 class=\"titulo\">A Ci\u00eancia por Tr\u00e1s da Regenera\u00e7\u00e3o Celular<\/h2><p>Nossas f\u00f3rmulas incorporam tecnologia de ponta com ativos nanoencapsulados, que garantem a entrega precisa e profunda de ingredientes essenciais diretamente \u00e0s \u00e1reas que mais necessitam de repara\u00e7\u00e3o. Inspirados na ci\u00eancia da longevidade, utilizamos ativos poderosos como a CoQ10, para potencializar a energia mitocondrial, e anti-inflamat\u00f3rios naturais, como Sangue de Drag\u00e3o e Ac\u00e1cia do Senegal. Esses componentes ativam sirtuinas e o fator FoxO3, liberando o potencial m\u00e1ximo de renova\u00e7\u00e3o celular.<\/p><h2 class=\"titulo\">Sirtuinas e FoxO3: O Futuro da Longevidade Celular<\/h2><p>As sirtuinas, conhecidas como as\u00a0 enzimas da longevidade, desempenham um papel crucial na prote\u00e7\u00e3o celular contra o envelhecimento e na otimiza\u00e7\u00e3o da energia celular. No BOOSTER PRIMER ELXR, SIRT-1 e SIRT-3 trabalham em harmonia com o FoxO3, um regulador essencial, para restaurar, proteger e prolongar a vitalidade da pele.<\/p><p>Booster Primer entregam longevidade, radi\u00e2ncia e regenera\u00e7\u00e3o, para uma pele que desafia o tempo.<\/p>\t\t\t\t\t\t<\/div>\n\t\t\t\t<\/div>\n\t\t\t\t\t<\/div>\n\t\t<\/div>\n\t\t\t\t\t<\/div>\n\t\t<\/section>\n\t\t\t\t<section class=\"elementor-section elementor-top-section elementor-element elementor-element-d9dedd0 elementor-section-boxed elementor-section-height-default elementor-section-height-default\" data-id=\"d9dedd0\" data-element_type=\"section\">\n\t\t\t\t\t\t<div class=\"elementor-container elementor-column-gap-default\">\n\t\t\t\t\t<div class=\"elementor-column elementor-col-100 elementor-top-column elementor-element elementor-element-cf91bf1\" data-id=\"cf91bf1\" data-element_type=\"column\">\n\t\t\t<div class=\"elementor-widget-wrap elementor-element-populated\">\n\t\t\t\t\t\t<div class=\"elementor-element elementor-element-8da4e93 elementor-invisible elementor-widget elementor-widget-text-editor\" data-id=\"8da4e93\" data-element_type=\"widget\" data-settings=\"{&quot;_animation&quot;:&quot;fadeInUp&quot;}\" data-widget_type=\"text-editor.default\">\n\t\t\t\t<div class=\"elementor-widget-container\">\n\t\t\t\t\t\t\t<table style=\"width: 100%; border-collapse: collapse; font-family: Arial, sans-serif; text-align: left; background-color: #f9f9f9;\">\n<thead>\n<tr style=\"background-color: #333; color: #fff; font-weight: bold;\">\n<th style=\"padding: 10px; border: 1px solid #ccc;\">Booster Primer ELXR<\/th>\n<th style=\"padding: 10px; border: 1px solid #ccc;\">Propriedade<\/th>\n<th style=\"padding: 10px; border: 1px solid #ccc;\">Resultados<\/th>\n<\/tr>\n<\/thead>\n<tbody>\n<tr>\n<td style=\"padding: 10px; border: 1px solid #ccc;\">CellPower Energy + Vital Power + Glow Symbiotics*<\/td>\n<td style=\"padding: 10px; border: 1px solid #ccc;\">\n<p>Pro-Longevidade \/ Regenerativo \/ Energia \/ Antiox<\/p>\n<p><\/p>\n<p>SIRT-3 : Energia Mitocondrial <br>SIRT-1 : Longevidade <br>FOX03: Resili\u00eancia Celular<\/p>\n<\/td>\n<td style=\"padding: 10px; border: 1px solid #ccc;\"><br>SIRT-3: +72,9%<br>SIRT-1: +6,7%<br>FoxO3: +25,7%<\/td>\n<\/tr>\n<tr>\n<td style=\"padding: 10px; border: 1px solid #ccc; text-align: center; font-style: italic;\" colspan=\"3\"><b>Testes de Efic\u00e1cia<\/b><br>\u201cIn Vitro\u201d em fibroblastos (30 dias) \/ USO COMBINADO<\/td>\n<\/tr>\n<\/tbody>\n<\/table>\t\t\t\t\t\t<\/div>\n\t\t\t\t<\/div>\n\t\t\t\t\t<\/div>\n\t\t<\/div>\n\t\t\t\t\t<\/div>\n\t\t<\/section>\n\t\t\t\t<\/div>\n\t\t","protected":false},"excerpt":{"rendered":"<p>Inova\u00e7\u00e3o e Ancestralidade para o Poder Vital da Pele Ative os Genes da Longevidade e Regenera\u00e7\u00e3o com BOOSTER PRIMER ELXR Revolucione seu skincare: uma fus\u00e3o inovadora entre a ci\u00eancia da longevidade e o poder dos ativos ancestrais, criada para transformar sua pele e entregar resultados extraordin\u00e1rios. A Ci\u00eancia por Tr\u00e1s da Regenera\u00e7\u00e3o Celular Nossas f\u00f3rmulas [&hellip;]<\/p>\n","protected":false},"author":2,"featured_media":5150,"parent":0,"menu_order":0,"comment_status":"closed","ping_status":"closed","template":"template-fullwidth-interna.php","meta":{"_acf_changed":false,"_joinchat":[],"footnotes":""},"class_list":["post-5234","page","type-page","status-publish","has-post-thumbnail","hentry"],"acf":[],"_links":{"self":[{"href":"https:\/\/elxrskincare.com.br\/loja\/wp-json\/wp\/v2\/pages\/5234","targetHints":{"allow":["GET"]}}],"collection":[{"href":"https:\/\/elxrskincare.com.br\/loja\/wp-json\/wp\/v2\/pages"}],"about":[{"href":"https:\/\/elxrskincare.com.br\/loja\/wp-json\/wp\/v2\/types\/page"}],"author":[{"embeddable":true,"href":"https:\/\/elxrskincare.com.br\/loja\/wp-json\/wp\/v2\/users\/2"}],"replies":[{"embeddable":true,"href":"https:\/\/elxrskincare.com.br\/loja\/wp-json\/wp\/v2\/comments?post=5234"}],"version-history":[{"count":28,"href":"https:\/\/elxrskincare.com.br\/loja\/wp-json\/wp\/v2\/pages\/5234\/revisions"}],"predecessor-version":[{"id":5591,"href":"https:\/\/elxrskincare.com.br\/loja\/wp-json\/wp\/v2\/pages\/5234\/revisions\/5591"}],"wp:featuredmedia":[{"embeddable":true,"href":"https:\/\/elxrskincare.com.br\/loja\/wp-json\/wp\/v2\/media\/5150"}],"wp:attachment":[{"href":"https:\/\/elxrskincare.com.br\/loja\/wp-json\/wp\/v2\/media?parent=5234"}],"curies":[{"name":"wp","href":"https:\/\/api.w.org\/{rel}","templated":true}]}}