{"id":4891,"date":"2022-11-12T17:25:42","date_gmt":"2022-11-12T20:25:42","guid":{"rendered":"https:\/\/elxrskincare.com.br\/loja\/?page_id=4891"},"modified":"2025-08-08T19:33:08","modified_gmt":"2025-08-08T22:33:08","slug":"onde-encontrar","status":"publish","type":"page","link":"https:\/\/elxrskincare.com.br\/loja\/onde-encontrar\/","title":{"rendered":"Onde Encontrar"},"content":{"rendered":"\t\t<div data-elementor-type=\"wp-page\" data-elementor-id=\"4891\" class=\"elementor elementor-4891\">\n\t\t\t\t\t\t<section class=\"elementor-section elementor-top-section elementor-element elementor-element-553ba1c elementor-section-boxed elementor-section-height-default elementor-section-height-default\" data-id=\"553ba1c\" data-element_type=\"section\">\n\t\t\t\t\t\t<div class=\"elementor-container elementor-column-gap-default\">\n\t\t\t\t\t<div class=\"elementor-column elementor-col-100 elementor-top-column elementor-element elementor-element-d515e1f elementor-invisible\" data-id=\"d515e1f\" data-element_type=\"column\" data-settings=\"{&quot;animation&quot;:&quot;fadeInRight&quot;}\">\n\t\t\t<div class=\"elementor-widget-wrap elementor-element-populated\">\n\t\t\t\t\t\t<div class=\"elementor-element elementor-element-35f7715 elementor-widget elementor-widget-text-editor\" data-id=\"35f7715\" data-element_type=\"widget\" data-widget_type=\"text-editor.default\">\n\t\t\t\t<div class=\"elementor-widget-container\">\n\t\t\t\t\t\t\t<h2>Descubra e sinta\u00a0ELXR Skincare nas\u00a0lojas,<\/h2><h2>spas, clinicas integrativas e est\u00e9ticas:<\/h2>\t\t\t\t\t\t<\/div>\n\t\t\t\t<\/div>\n\t\t\t\t\t<\/div>\n\t\t<\/div>\n\t\t\t\t\t<\/div>\n\t\t<\/section>\n\t\t\t\t<section class=\"elementor-section elementor-top-section elementor-element elementor-element-2f36c3f elementor-section-boxed elementor-section-height-default elementor-section-height-default\" data-id=\"2f36c3f\" data-element_type=\"section\">\n\t\t\t\t\t\t<div class=\"elementor-container elementor-column-gap-default\">\n\t\t\t\t\t<div class=\"elementor-column elementor-col-33 elementor-top-column elementor-element elementor-element-4d87cfa\" data-id=\"4d87cfa\" data-element_type=\"column\">\n\t\t\t<div class=\"elementor-widget-wrap elementor-element-populated\">\n\t\t\t\t\t\t<div class=\"elementor-element elementor-element-ba55800 elementor-widget elementor-widget-heading\" data-id=\"ba55800\" data-element_type=\"widget\" data-widget_type=\"heading.default\">\n\t\t\t\t<div class=\"elementor-widget-container\">\n\t\t\t<h2 class=\"elementor-heading-title elementor-size-default\">CLINICAS M\u00c9DICAS \/ EST\u00c9TICA \/ INTEGRATIVA<\/h2>\t\t<\/div>\n\t\t\t\t<\/div>\n\t\t\t\t<div class=\"elementor-element elementor-element-0bad77c elementor-widget elementor-widget-text-editor\" data-id=\"0bad77c\" data-element_type=\"widget\" data-widget_type=\"text-editor.default\">\n\t\t\t\t<div class=\"elementor-widget-container\">\n\t\t\t\t\t\t\t<p><strong>Instituto Assaly Medicina Personalizada<br \/><\/strong>Rua Lima Barros, 93 Jardim Paulista &#8211; S\u00e3o Paulo &#8211; SP &#8211; 04503-030 &#8211; Brasil<br \/>Contato: (11) 3050-6580<\/p><p><strong>Clinica Dra Caroline Cassab \/ Medicina Funcional<br \/><\/strong>Rua Oito 668, Rio Claro, SP, 13500-144<br \/>Contato : (19) 3534-8292<\/p><p><strong>Clinica Anapellle \/ Loja AP Natural<br \/><\/strong>Dra Ana Paula Jord\u00e3o Visioli<br \/>Rua Urussu\u00ed, 125 &#8211; 1 andar &#8211; Itaim Bibi, S\u00e3o Paulo &#8211; SP, 04542-050<br \/>WhatsApp: (11) 97400-2016<br \/>Contato: (11) 3078-3664<strong><br \/><br \/>Holos Face \/\u00a0Dra Luciana Macedo<\/strong><br \/>Alameda dos Jurupis, 452 &#8211; Moema, S\u00e3o Paulo &#8211; SP, 04088-001<br \/>Contato:\u00a0(11) 96900-4332<\/p><p><strong>Bio Instituto \/\u00a0Dra Sol Ayala\u00a0<\/strong><br \/>Rua Haddock Lobo, 1384 &#8211; cj. 12 &#8211; Cerqueira C\u00e9sar, S\u00e3o Paulo &#8211; SP, 01414-002<br \/>Contato:\u00a0(11) 96173-9203<\/p><p><strong>Clinica Maz<\/strong><br \/>Av. Treze, n. 403 &#8211; Saude, Rio Claro &#8211; SP, 13500-340<br \/>Contato\u00a0(19) 99721-9995<\/p><p><strong>Instituto Suellen Campanhola<\/strong><br \/>Av. Dr. Francisco Lessa Junior 2373 &#8211; Loja 3<br \/>CEP 12.422-531<br \/>Jardim Residencial Doutor Lessa<br \/>Pindamonhangaba\/SP<\/p><p><strong>Odara Est\u00e9tica Integrativa<\/strong><br \/>Rua Cardeal Arcoverde, 3<br \/>CEP 01255-000<br \/>Pinheiros, S\u00e3o Paulo\/SP<br \/>Tel: +55 (11) 3066-3020<\/p><p><strong>Odara Est\u00e9tica Integrativa Campinas<\/strong><br \/>Av. Rotary, 134<br \/>Jardim das Palmeiras \u2013 Campinas\/SP<\/p>\t\t\t\t\t\t<\/div>\n\t\t\t\t<\/div>\n\t\t\t\t\t<\/div>\n\t\t<\/div>\n\t\t\t\t<div class=\"elementor-column elementor-col-33 elementor-top-column elementor-element elementor-element-e21b212\" data-id=\"e21b212\" data-element_type=\"column\">\n\t\t\t<div class=\"elementor-widget-wrap elementor-element-populated\">\n\t\t\t\t\t\t<div class=\"elementor-element elementor-element-a57a894 elementor-widget elementor-widget-heading\" data-id=\"a57a894\" data-element_type=\"widget\" data-widget_type=\"heading.default\">\n\t\t\t\t<div class=\"elementor-widget-container\">\n\t\t\t<h2 class=\"elementor-heading-title elementor-size-default\">WELLNESS\n<\/h2>\t\t<\/div>\n\t\t\t\t<\/div>\n\t\t\t\t<div class=\"elementor-element elementor-element-ea94e75 elementor-widget elementor-widget-text-editor\" data-id=\"ea94e75\" data-element_type=\"widget\" data-widget_type=\"text-editor.default\">\n\t\t\t\t<div class=\"elementor-widget-container\">\n\t\t\t\t\t\t\t<p><strong>Track&amp;Field Coffee Iguatemi (TFC)<\/strong><br \/>Shopping Iguatemi &#8211; Av. Brigadeiro Faria Lima, 2232, SP<br \/>Contato: (11) 3048-7344<\/p><p><strong>Track&amp;Field Coffee Higien\u00f3polis (TFC)<\/strong><br \/>Shopping P\u00e1tio Higien\u00f3polis &#8211; Av. Higien\u00f3polis, 618 SP<br \/>Contato: (11) 3823 2703<\/p><p><strong>Track&amp;Field Coffee Oscar Freire \/ (TFC)<\/strong><br \/>R. Oscar Freire, 959 &#8211; Jardim Paulista, S\u00e3o Paulo &#8211; SP, 01426-002<br \/>Contato: (11) 3062-4457<\/p><p><strong>Track&amp;Field JK<\/strong><br \/>Rua Doutor Eduardo de Souza Aranha, 387, andar 8 \/ caf\u00e9<br \/>CEP 04543-121<\/p><p><strong>Track&amp;Field Vila Nova<\/strong><br \/>Rua Bueno Brand\u00e3o 66, Vila Nova Concei\u00e7\u00e3o<br \/>CEP 04509-020<br \/>Tel: (11) 2271-2600<\/p><p><strong>Track&amp;Field Coffee Bahia \/ (TFC)<\/strong><br \/>Av Tancredo Neves 3133 &#8211; Caminho das \u00c1rvores , Salvador Shopping<br \/>Loja 2015<br \/>Contato : (71) 3271-30FV<\/p><p><strong>Track&amp;Field Coffee Jo\u00e3o Pessoa \/ (TFC)<\/strong><br \/>Av General Edson Ramalho 913,<br \/>Manaira &#8211; Jo\u00e3o Pessoa<\/p><p><strong>Track&amp;Field Belo Horizonte<\/strong><br \/>Av. Oleg\u00e1rio Maciel 1600 (Loja Om57)<br \/>CEP 30180-915<br \/>Belo Horizonte, MG<br \/>Tel: (31) 3292-7920<\/p><p><strong>S\u00f3 Natural \/ Produtos Integrais<\/strong><br \/>Rua Quatro 796, Rio Claro, SP, 13500-170<br \/>(19) 99990-6321<\/p>\t\t\t\t\t\t<\/div>\n\t\t\t\t<\/div>\n\t\t\t\t\t<\/div>\n\t\t<\/div>\n\t\t\t\t<div class=\"elementor-column elementor-col-33 elementor-top-column elementor-element elementor-element-fd52c1c\" data-id=\"fd52c1c\" data-element_type=\"column\">\n\t\t\t<div class=\"elementor-widget-wrap elementor-element-populated\">\n\t\t\t\t\t\t<div class=\"elementor-element elementor-element-e0c2f50 elementor-widget elementor-widget-heading\" data-id=\"e0c2f50\" data-element_type=\"widget\" data-widget_type=\"heading.default\">\n\t\t\t\t<div class=\"elementor-widget-container\">\n\t\t\t<h2 class=\"elementor-heading-title elementor-size-default\">SPAS -EXPERI\u00caNCIAS<\/h2>\t\t<\/div>\n\t\t\t\t<\/div>\n\t\t\t\t<div class=\"elementor-element elementor-element-27d70d7 elementor-widget elementor-widget-text-editor\" data-id=\"27d70d7\" data-element_type=\"widget\" data-widget_type=\"text-editor.default\">\n\t\t\t\t<div class=\"elementor-widget-container\">\n\t\t\t\t\t\t\t<p><strong>Toppics Modern Spa<\/strong><br \/>R. Dr. Vila Nova, 41 &#8211; Vila Buarque, S\u00e3o Paulo &#8211; SP, 01222-020<br \/>Contato:\u00a0(11) 3214-1513<\/p><p><strong>Bioest\u00e9tica Natural<\/strong><br \/>Av. Le\u00f4ncio de Magalh\u00e3es 150 &#8211; Jardim S\u00e3o Paulo<br \/>Contato: (11) 91188-1183<\/p><p><strong>Treino Facial\u00a0Lifting (TFL)<\/strong><br \/><strong>Kaza Pele\u00a0<\/strong><br \/>Rua Jo\u00e3o Cachoeira 488, S\u00e3o Paulo, SP,<br \/>Contato:\u00a0 (11) 98726-4764<\/p><p><strong>Para\u00edso Ecol\u00f3gico Pousada &amp; Spa<\/strong><br \/>Rua Jequitib\u00e1, 133<br \/>Centro, Arraial d\u2019Ajuda<br \/>Porto Seguro \u2013 BA, Brasil<br \/>CEP 45816-000<br \/>Contato : (73) 99933-7667<\/p><p><b>Ayvu Terapias<\/b><br \/>Av. Dr Francisco Lessa Junior, 2373 &#8211; Loja 3<br \/>Jardim Residencial Doutor Lessa<br \/>Pindamanhogaba\/SP<br \/>CEP 12422-531<\/p><p><strong>Cryo Club Care<br \/><\/strong>Alameda Ministro Rocha Azevedo, 973 &#8211; Cerqueira C\u00e9sar, S\u00e3o Paulo &#8211; SP, 01410-003<br \/>Contato:\u00a0(11)\u00a093937-6413<\/p>\t\t\t\t\t\t<\/div>\n\t\t\t\t<\/div>\n\t\t\t\t\t<\/div>\n\t\t<\/div>\n\t\t\t\t\t<\/div>\n\t\t<\/section>\n\t\t\t\t<section class=\"elementor-section elementor-top-section elementor-element elementor-element-bdd3065 elementor-section-boxed elementor-section-height-default elementor-section-height-default\" data-id=\"bdd3065\" data-element_type=\"section\">\n\t\t\t\t\t\t<div class=\"elementor-container elementor-column-gap-default\">\n\t\t\t\t\t<div class=\"elementor-column elementor-col-33 elementor-top-column elementor-element elementor-element-b48b039\" data-id=\"b48b039\" data-element_type=\"column\">\n\t\t\t<div class=\"elementor-widget-wrap elementor-element-populated\">\n\t\t\t\t\t\t<div class=\"elementor-element elementor-element-1aabe16 elementor-widget elementor-widget-heading\" data-id=\"1aabe16\" data-element_type=\"widget\" data-widget_type=\"heading.default\">\n\t\t\t\t<div class=\"elementor-widget-container\">\n\t\t\t<h2 class=\"elementor-heading-title elementor-size-default\">FARM\u00c1CIAS<\/h2>\t\t<\/div>\n\t\t\t\t<\/div>\n\t\t\t\t<div class=\"elementor-element elementor-element-83f74d4 elementor-widget elementor-widget-text-editor\" data-id=\"83f74d4\" data-element_type=\"widget\" data-widget_type=\"text-editor.default\">\n\t\t\t\t<div class=\"elementor-widget-container\">\n\t\t\t\t\t\t\t<p><strong>Farm\u00e1cia\u00a0Milligreen \/ Florian\u00f3polis<\/strong><br \/>R. Moacir Pereira J\u00fanior, 11 &#8211; sala 07 &#8211; Lagoa da Concei\u00e7\u00e3o, Florian\u00f3polis &#8211; SC,<br \/>Contato:\u00a0(48) 3238-090<\/p>\t\t\t\t\t\t<\/div>\n\t\t\t\t<\/div>\n\t\t\t\t<div class=\"elementor-element elementor-element-92e2b11 elementor-widget elementor-widget-text-editor\" data-id=\"92e2b11\" data-element_type=\"widget\" data-widget_type=\"text-editor.default\">\n\t\t\t\t<div class=\"elementor-widget-container\">\n\t\t\t\t\t\t\t<p><strong>Farm\u00e1cia Almesca<\/strong><br \/>Rua do Tel\u00e9grafo, 10<br \/>Shopping Canto Verde<br \/>45818-000 Trancoso,<br \/>BA, Brazil<\/p>\t\t\t\t\t\t<\/div>\n\t\t\t\t<\/div>\n\t\t\t\t<div class=\"elementor-element elementor-element-1559095 elementor-widget elementor-widget-text-editor\" data-id=\"1559095\" data-element_type=\"widget\" data-widget_type=\"text-editor.default\">\n\t\t\t\t<div class=\"elementor-widget-container\">\n\t\t\t\t\t\t\t<p><strong>Farma Sant\u00e9<\/strong><br \/>Endere\u00e7o: R. Aprovada, 329 &#8211; 2717 &#8211; Riviera de S\u00e3o Louren\u00e7o, Bertioga &#8211; SP, 11250-000<br \/>Contato: (51) 99717-9424<\/p>\t\t\t\t\t\t<\/div>\n\t\t\t\t<\/div>\n\t\t\t\t<div class=\"elementor-element elementor-element-1290c28 elementor-widget elementor-widget-text-editor\" data-id=\"1290c28\" data-element_type=\"widget\" data-widget_type=\"text-editor.default\">\n\t\t\t\t<div class=\"elementor-widget-container\">\n\t\t\t\t\t\t\t<p><strong>Farmazul Drogaria<\/strong><br \/>Rua 11, 1823 &#8211; Santa Cruz, Rio Claro &#8211; SP, 13500-240<br \/>Contato: (19) 3531-5800<\/p>\t\t\t\t\t\t<\/div>\n\t\t\t\t<\/div>\n\t\t\t\t\t<\/div>\n\t\t<\/div>\n\t\t\t\t<div class=\"elementor-column elementor-col-33 elementor-top-column elementor-element elementor-element-8d25032\" data-id=\"8d25032\" data-element_type=\"column\">\n\t\t\t<div class=\"elementor-widget-wrap elementor-element-populated\">\n\t\t\t\t\t\t<div class=\"elementor-element elementor-element-1845c45 elementor-widget elementor-widget-heading\" data-id=\"1845c45\" data-element_type=\"widget\" data-widget_type=\"heading.default\">\n\t\t\t\t<div class=\"elementor-widget-container\">\n\t\t\t<h2 class=\"elementor-heading-title elementor-size-default\">MARKETPLACES<\/h2>\t\t<\/div>\n\t\t\t\t<\/div>\n\t\t\t\t<div class=\"elementor-element elementor-element-ae36467 elementor-widget elementor-widget-text-editor\" data-id=\"ae36467\" data-element_type=\"widget\" data-widget_type=\"text-editor.default\">\n\t\t\t\t<div class=\"elementor-widget-container\">\n\t\t\t\t\t\t\t<ul><li><a href=\"http:\/\/www.detoxmarket.com.br\" target=\"_blank\" rel=\"noopener\">DETOX MARKET<\/a><\/li><li><a href=\"https:\/\/amaro.com\/br\/pt\/\" target=\"_blank\" rel=\"noopener\">AMARO<\/a><\/li><li><a href=\"https:\/\/www.fromfuture.com.br\/\" target=\"_blank\" rel=\"noopener\">FROM FUTURE<\/a><\/li><li><a href=\"https:\/\/greenmatch.com.br\/\" target=\"_blank\" rel=\"noopener\">GREEN MATCH<\/a><\/li><li><a href=\"https:\/\/inventa.shop\/\" target=\"_blank\" rel=\"noopener\">INVENTA SHOP<\/a><\/li><li><a href=\"https:\/\/itbrandsbr.com\/it-shop\/\">IT BRANDS\u00a0 IT SHOP<\/a><\/li><\/ul>\t\t\t\t\t\t<\/div>\n\t\t\t\t<\/div>\n\t\t\t\t\t<\/div>\n\t\t<\/div>\n\t\t\t\t<div class=\"elementor-column elementor-col-33 elementor-top-column elementor-element elementor-element-582175d\" data-id=\"582175d\" data-element_type=\"column\">\n\t\t\t<div class=\"elementor-widget-wrap elementor-element-populated\">\n\t\t\t\t\t\t<div class=\"elementor-element elementor-element-abd7ecb elementor-widget elementor-widget-heading\" data-id=\"abd7ecb\" data-element_type=\"widget\" data-widget_type=\"heading.default\">\n\t\t\t\t<div class=\"elementor-widget-container\">\n\t\t\t<h2 class=\"elementor-heading-title elementor-size-default\">PLATAFORMAS<\/h2>\t\t<\/div>\n\t\t\t\t<\/div>\n\t\t\t\t<div class=\"elementor-element elementor-element-c55b386 elementor-widget elementor-widget-text-editor\" data-id=\"c55b386\" data-element_type=\"widget\" data-widget_type=\"text-editor.default\">\n\t\t\t\t<div class=\"elementor-widget-container\">\n\t\t\t\t\t\t\t<ul><li><a href=\"https:\/\/itbrandsbr.com\/\" target=\"_blank\" rel=\"noopener\">IT BRANDS\u00a0<\/a><\/li><li><a href=\"https:\/\/1320hub.com.br\/\" target=\"_blank\" rel=\"noopener\">1320 HUB<\/a><\/li><\/ul>\t\t\t\t\t\t<\/div>\n\t\t\t\t<\/div>\n\t\t\t\t\t<\/div>\n\t\t<\/div>\n\t\t\t\t\t<\/div>\n\t\t<\/section>\n\t\t\t\t<section class=\"elementor-section elementor-top-section elementor-element elementor-element-bd35fdd elementor-section-boxed elementor-section-height-default elementor-section-height-default\" data-id=\"bd35fdd\" data-element_type=\"section\">\n\t\t\t\t\t\t<div class=\"elementor-container elementor-column-gap-default\">\n\t\t\t\t\t<div class=\"elementor-column elementor-col-100 elementor-top-column elementor-element elementor-element-2e12acb\" data-id=\"2e12acb\" data-element_type=\"column\">\n\t\t\t<div class=\"elementor-widget-wrap\">\n\t\t\t\t\t\t\t<\/div>\n\t\t<\/div>\n\t\t\t\t\t<\/div>\n\t\t<\/section>\n\t\t\t\t<\/div>\n\t\t","protected":false},"excerpt":{"rendered":"<p>Descubra e sinta\u00a0ELXR Skincare nas\u00a0lojas, spas, clinicas integrativas e est\u00e9ticas: CLINICAS M\u00c9DICAS \/ EST\u00c9TICA \/ INTEGRATIVA Instituto Assaly Medicina PersonalizadaRua Lima Barros, 93 Jardim Paulista &#8211; S\u00e3o Paulo &#8211; SP &#8211; 04503-030 &#8211; BrasilContato: (11) 3050-6580 Clinica Dra Caroline Cassab \/ Medicina FuncionalRua Oito 668, Rio Claro, SP, 13500-144Contato : (19) 3534-8292 Clinica Anapellle \/ [&hellip;]<\/p>\n","protected":false},"author":2,"featured_media":5150,"parent":0,"menu_order":0,"comment_status":"closed","ping_status":"closed","template":"template-fullwidth-interna.php","meta":{"_acf_changed":false,"_joinchat":[],"footnotes":""},"class_list":["post-4891","page","type-page","status-publish","has-post-thumbnail","hentry"],"acf":[],"_links":{"self":[{"href":"https:\/\/elxrskincare.com.br\/loja\/wp-json\/wp\/v2\/pages\/4891","targetHints":{"allow":["GET"]}}],"collection":[{"href":"https:\/\/elxrskincare.com.br\/loja\/wp-json\/wp\/v2\/pages"}],"about":[{"href":"https:\/\/elxrskincare.com.br\/loja\/wp-json\/wp\/v2\/types\/page"}],"author":[{"embeddable":true,"href":"https:\/\/elxrskincare.com.br\/loja\/wp-json\/wp\/v2\/users\/2"}],"replies":[{"embeddable":true,"href":"https:\/\/elxrskincare.com.br\/loja\/wp-json\/wp\/v2\/comments?post=4891"}],"version-history":[{"count":91,"href":"https:\/\/elxrskincare.com.br\/loja\/wp-json\/wp\/v2\/pages\/4891\/revisions"}],"predecessor-version":[{"id":5597,"href":"https:\/\/elxrskincare.com.br\/loja\/wp-json\/wp\/v2\/pages\/4891\/revisions\/5597"}],"wp:featuredmedia":[{"embeddable":true,"href":"https:\/\/elxrskincare.com.br\/loja\/wp-json\/wp\/v2\/media\/5150"}],"wp:attachment":[{"href":"https:\/\/elxrskincare.com.br\/loja\/wp-json\/wp\/v2\/media?parent=4891"}],"curies":[{"name":"wp","href":"https:\/\/api.w.org\/{rel}","templated":true}]}}