{"id":4792,"date":"2022-10-19T19:42:56","date_gmt":"2022-10-19T22:42:56","guid":{"rendered":"https:\/\/elxrskincare.com.br\/loja\/?page_id=4792"},"modified":"2024-12-03T00:12:48","modified_gmt":"2024-12-03T03:12:48","slug":"experiencias","status":"publish","type":"page","link":"https:\/\/elxrskincare.com.br\/loja\/experiencias\/","title":{"rendered":"EXPERI\u00caNCIAS"},"content":{"rendered":"\t\t<div data-elementor-type=\"wp-page\" data-elementor-id=\"4792\" class=\"elementor elementor-4792\">\n\t\t\t\t\t\t<section class=\"elementor-section elementor-top-section elementor-element elementor-element-553ba1c elementor-section-boxed elementor-section-height-default elementor-section-height-default\" data-id=\"553ba1c\" data-element_type=\"section\">\n\t\t\t\t\t\t<div class=\"elementor-container elementor-column-gap-default\">\n\t\t\t\t\t<div class=\"elementor-column elementor-col-100 elementor-top-column elementor-element elementor-element-d515e1f elementor-invisible\" data-id=\"d515e1f\" data-element_type=\"column\" data-settings=\"{&quot;animation&quot;:&quot;fadeInRight&quot;}\">\n\t\t\t<div class=\"elementor-widget-wrap elementor-element-populated\">\n\t\t\t\t\t\t<div class=\"elementor-element elementor-element-77b1373 elementor-widget elementor-widget-heading\" data-id=\"77b1373\" data-element_type=\"widget\" data-widget_type=\"heading.default\">\n\t\t\t\t<div class=\"elementor-widget-container\">\n\t\t\t<h2 class=\"elementor-heading-title elementor-size-default\"><strong>Criofacial Toppics Spa+ELXR<\/strong><\/h2>\t\t<\/div>\n\t\t\t\t<\/div>\n\t\t\t\t\t<\/div>\n\t\t<\/div>\n\t\t\t\t\t<\/div>\n\t\t<\/section>\n\t\t\t\t<section class=\"elementor-section elementor-top-section elementor-element elementor-element-4875724 elementor-section-boxed elementor-section-height-default elementor-section-height-default\" data-id=\"4875724\" data-element_type=\"section\">\n\t\t\t\t\t\t<div class=\"elementor-container elementor-column-gap-default\">\n\t\t\t\t\t<div class=\"elementor-column elementor-col-50 elementor-top-column elementor-element elementor-element-151f3da\" data-id=\"151f3da\" data-element_type=\"column\">\n\t\t\t<div class=\"elementor-widget-wrap elementor-element-populated\">\n\t\t\t\t\t\t<div class=\"elementor-element elementor-element-359730c elementor-widget elementor-widget-text-editor\" data-id=\"359730c\" data-element_type=\"widget\" data-widget_type=\"text-editor.default\">\n\t\t\t\t<div class=\"elementor-widget-container\">\n\t\t\t\t\t\t\t<p>Um tratamento n\u00e3o invasivo que impressiona pela efic\u00e1cia, praticidade e rapidez.*<\/p><p><br \/>A exposi\u00e7\u00e3o ao frio extremo leva em \u00faltima inst\u00e2ncia, a melhor vasculariza\u00e7\u00e3o da pele. A reativa\u00e7\u00e3o de capilares que estavam fechados pelo tempo e o est\u00edmulo ao surgimento de novos vasos, acaba por melhorar a hidrata\u00e7\u00e3o, nutri\u00e7\u00e3o e oxigena\u00e7\u00e3o da pele. resultando numa pele saud\u00e1vel e bonita.<\/p><p>O aumento de temperatura reflexo que ocorre ap\u00f3s o resfriamento, estimula o metabolismo celular, com est\u00edmulo do detox, do sistema de repara\u00e7\u00e3o e estimulo de\u00a0 col\u00e1geno e elastina.<\/p><p>\u00c9 recomendado a aplica\u00e7\u00e3o de ELXR\u00a0 diretamente ap\u00f3s cada sess\u00e3o e entre as sess\u00f5es para acompanhar o curso do tratamento, permitindo que o protocolo seja potencializado.<\/p><p>O protocolo de crioterapia facial da Toppics conta com a linha da\u00a0\u00a0ELXR Skincare, alta tecnologia e ingredientes naturais cuidadosamente selecionados para cuidar da pele com excel\u00eancia.<br \/>Entre em contato para descobrir diversas soluc\u00f5es para sua pele .<\/p><p>Benef\u00edcios<\/p><ul><li>Desacelera o envelhecimento<\/li><li>Reduz as linhas de express\u00e3o<\/li><li>Aumenta o t\u00f4nus muscular<\/li><li>Fecha os poros<\/li><li>Trata acne<\/li><li>Radi\u00e2ncia, glow a pele<\/li><li>Acelera a cicatriza\u00e7\u00e3o e recupera\u00e7\u00e3o p\u00f3s cirurgia<\/li><\/ul><p>* sess\u00f5es de 3 minutos<\/p><p><blockquote class=\"wp-embedded-content\" data-secret=\"QZn9kGFzUr\"><a href=\"https:\/\/toppics.com.br\/crio-localizada-estetica-facial\/\">Crio Localizada &#8211; Est\u00e9tica Facial<\/a><\/blockquote><iframe class=\"wp-embedded-content\" sandbox=\"allow-scripts\" security=\"restricted\" style=\"position: absolute; clip: rect(1px, 1px, 1px, 1px);\" title=\"&#8220;Crio Localizada &#8211; Est\u00e9tica Facial&#8221; &#8212; Toppics\" src=\"https:\/\/toppics.com.br\/crio-localizada-estetica-facial\/embed\/#?secret=sqA8Smf73p#?secret=QZn9kGFzUr\" data-secret=\"QZn9kGFzUr\" width=\"600\" height=\"338\" frameborder=\"0\" marginwidth=\"0\" marginheight=\"0\" scrolling=\"no\"><\/iframe><\/p>\t\t\t\t\t\t<\/div>\n\t\t\t\t<\/div>\n\t\t\t\t\t<\/div>\n\t\t<\/div>\n\t\t\t\t<div class=\"elementor-column elementor-col-50 elementor-top-column elementor-element elementor-element-774aa48\" data-id=\"774aa48\" data-element_type=\"column\">\n\t\t\t<div class=\"elementor-widget-wrap elementor-element-populated\">\n\t\t\t\t\t\t<div class=\"elementor-element elementor-element-7aea845 elementor-widget elementor-widget-video\" data-id=\"7aea845\" data-element_type=\"widget\" data-settings=\"{&quot;youtube_url&quot;:&quot;https:\\\/\\\/youtu.be\\\/41hSsurJxo0&quot;,&quot;autoplay&quot;:&quot;yes&quot;,&quot;play_on_mobile&quot;:&quot;yes&quot;,&quot;loop&quot;:&quot;yes&quot;,&quot;modestbranding&quot;:&quot;yes&quot;,&quot;yt_privacy&quot;:&quot;yes&quot;,&quot;video_type&quot;:&quot;youtube&quot;,&quot;controls&quot;:&quot;yes&quot;}\" data-widget_type=\"video.default\">\n\t\t\t\t<div class=\"elementor-widget-container\">\n\t\t\t\t\t<div class=\"elementor-wrapper elementor-open-inline\">\n\t\t\t<div class=\"elementor-video\"><\/div>\t\t<\/div>\n\t\t\t\t<\/div>\n\t\t\t\t<\/div>\n\t\t\t\t\t<\/div>\n\t\t<\/div>\n\t\t\t\t\t<\/div>\n\t\t<\/section>\n\t\t\t\t<\/div>\n\t\t","protected":false},"excerpt":{"rendered":"<p>Criofacial Toppics Spa+ELXR Um tratamento n\u00e3o invasivo que impressiona pela efic\u00e1cia, praticidade e rapidez.* A exposi\u00e7\u00e3o ao frio extremo leva em \u00faltima inst\u00e2ncia, a melhor vasculariza\u00e7\u00e3o da pele. A reativa\u00e7\u00e3o de capilares que estavam fechados pelo tempo e o est\u00edmulo ao surgimento de novos vasos, acaba por melhorar a hidrata\u00e7\u00e3o, nutri\u00e7\u00e3o e oxigena\u00e7\u00e3o da pele. [&hellip;]<\/p>\n","protected":false},"author":2,"featured_media":5137,"parent":0,"menu_order":0,"comment_status":"closed","ping_status":"closed","template":"template-fullwidth-interna.php","meta":{"_acf_changed":false,"_joinchat":[],"footnotes":""},"class_list":["post-4792","page","type-page","status-publish","has-post-thumbnail","hentry"],"acf":[],"_links":{"self":[{"href":"https:\/\/elxrskincare.com.br\/loja\/wp-json\/wp\/v2\/pages\/4792","targetHints":{"allow":["GET"]}}],"collection":[{"href":"https:\/\/elxrskincare.com.br\/loja\/wp-json\/wp\/v2\/pages"}],"about":[{"href":"https:\/\/elxrskincare.com.br\/loja\/wp-json\/wp\/v2\/types\/page"}],"author":[{"embeddable":true,"href":"https:\/\/elxrskincare.com.br\/loja\/wp-json\/wp\/v2\/users\/2"}],"replies":[{"embeddable":true,"href":"https:\/\/elxrskincare.com.br\/loja\/wp-json\/wp\/v2\/comments?post=4792"}],"version-history":[{"count":20,"href":"https:\/\/elxrskincare.com.br\/loja\/wp-json\/wp\/v2\/pages\/4792\/revisions"}],"predecessor-version":[{"id":5144,"href":"https:\/\/elxrskincare.com.br\/loja\/wp-json\/wp\/v2\/pages\/4792\/revisions\/5144"}],"wp:featuredmedia":[{"embeddable":true,"href":"https:\/\/elxrskincare.com.br\/loja\/wp-json\/wp\/v2\/media\/5137"}],"wp:attachment":[{"href":"https:\/\/elxrskincare.com.br\/loja\/wp-json\/wp\/v2\/media?parent=4792"}],"curies":[{"name":"wp","href":"https:\/\/api.w.org\/{rel}","templated":true}]}}