{"id":251,"date":"2017-11-30T21:23:12","date_gmt":"2017-11-30T21:23:12","guid":{"rendered":"https:\/\/elixir.art.br\/wp\/?page_id=251"},"modified":"2021-12-01T16:58:46","modified_gmt":"2021-12-01T19:58:46","slug":"fundadora","status":"publish","type":"page","link":"https:\/\/elxrskincare.com.br\/loja\/fundadora\/","title":{"rendered":"Fundadora"},"content":{"rendered":"<style>.entry-content {width: 70%; margin: 0 auto;}<\/style>\n<figure><img decoding=\"async\" class=\"aligncenter wp-image-667 size-full\" src=\"https:\/\/elxrskincare.com.br\/loja\/wp-content\/uploads\/2021\/11\/WhatsApp-Image-2021-11-18-at-21.54.21-1.jpeg\" style=\"width:100%;\" alt=\"\"><\/figure>\n<br>\n<p>Betina Epiphanio, fundadora da Elxr Skincare, \u00e9 designer gr\u00e1fica com DNA de inova\u00e7\u00e3o, apaixonada por viagem, arte, nutri\u00e7\u00e3o, biohacking e esportes.<br>Seus interesses por alimenta\u00e7\u00e3o e vida saud\u00e1vel se potencializaram em uma de suas visitas \u00e0 Kerala, no sul da \u00cdndia, em que tomou contato com a ancestralidade da filosofia Ayurveda.<br>Depois de viv\u00eancias no Spa Somatheeram, encantada com a possibilidade de conectar o passado e o futuro, ( tradi\u00e7\u00e3o milenar fermenta\u00e7\u00e3o+ biotecnologia), criou a Elixir Bebida Viva, drink probi\u00f3tico, bio-fermentado, levemente frisante e sem \u00e1lcool. Capaz de aumentar os \u00edndices de serotonina, a imunidade, a energia e a sa\u00fade como um todo.<br>A ELXR Skincare nasceu quatro anos depois, em 2020, como um desdobramento do conceito e dos benef\u00edcios da Bebida Viva aplicados \u00e0 pele.<br>Com um blend \u00f3leos essenciais herb\u00e1ceos, verdes, frescos e ativos superpoderosos (sinergia entre pre+probi\u00f3ticos e potentes antioxidantes) a marca une alta performance, f\u00f3rmulas de clean beauty, 100% veganas, e experi\u00eancia sensorial inspirada na floresta.<br>A trilogia minimalista, mas n\u00e3o b\u00e1sica, limpa, restaura e nutre a pele atrav\u00e9s de pre+probi\u00f3ticos e a sinergia de ativos antioxidantes, entregando glow, fortalecimento e lifting de forma natural.<br>Dermatologicamente testada e com efic\u00e1cia comprovada, ELXR \u00e9 o resultado de qjatro anos de pesquisa de ativos e dois em f\u00e1brica dermocosm\u00e9tica.<br>A ideia de alcan\u00e7ar bem-estar e sa\u00fade atrav\u00e9s do que comemos, bebemos e do que aplicamos na nossa pele se traduz na Elixir.<br>Beleza limpa com performance para todas as peles e g\u00eanero, livre de crueldade animal e ativos t\u00f3xicos.<\/p><h2 class=\"wp-block-heading\"><span style=\"color: #000000;\"><strong>\u201c Fa\u00e7a do seu alimento o seu rem\u00e9dio (Hip\u00f3crates) \u201d<\/strong><br>Sa\u00fade!<br>Betina Epiphanio<\/span><\/h2>","protected":false},"excerpt":{"rendered":"<p>Betina Epiphanio, fundadora da Elxr Skincare, \u00e9 designer gr\u00e1fica com DNA de inova\u00e7\u00e3o, apaixonada por viagem, arte, nutri\u00e7\u00e3o, biohacking e esportes.Seus interesses por alimenta\u00e7\u00e3o e vida saud\u00e1vel se potencializaram em uma de suas visitas \u00e0 Kerala, no sul da \u00cdndia, em que tomou contato com a ancestralidade da filosofia Ayurveda.Depois de viv\u00eancias no Spa Somatheeram, [&hellip;]<\/p>\n","protected":false},"author":1,"featured_media":0,"parent":0,"menu_order":0,"comment_status":"closed","ping_status":"closed","template":"template-fullwidth.php","meta":{"_acf_changed":false,"_joinchat":[],"footnotes":""},"class_list":["post-251","page","type-page","status-publish","hentry"],"acf":[],"_links":{"self":[{"href":"https:\/\/elxrskincare.com.br\/loja\/wp-json\/wp\/v2\/pages\/251","targetHints":{"allow":["GET"]}}],"collection":[{"href":"https:\/\/elxrskincare.com.br\/loja\/wp-json\/wp\/v2\/pages"}],"about":[{"href":"https:\/\/elxrskincare.com.br\/loja\/wp-json\/wp\/v2\/types\/page"}],"author":[{"embeddable":true,"href":"https:\/\/elxrskincare.com.br\/loja\/wp-json\/wp\/v2\/users\/1"}],"replies":[{"embeddable":true,"href":"https:\/\/elxrskincare.com.br\/loja\/wp-json\/wp\/v2\/comments?post=251"}],"version-history":[{"count":9,"href":"https:\/\/elxrskincare.com.br\/loja\/wp-json\/wp\/v2\/pages\/251\/revisions"}],"predecessor-version":[{"id":4572,"href":"https:\/\/elxrskincare.com.br\/loja\/wp-json\/wp\/v2\/pages\/251\/revisions\/4572"}],"wp:attachment":[{"href":"https:\/\/elxrskincare.com.br\/loja\/wp-json\/wp\/v2\/media?parent=251"}],"curies":[{"name":"wp","href":"https:\/\/api.w.org\/{rel}","templated":true}]}}