{"id":249,"date":"2017-11-30T21:22:50","date_gmt":"2017-11-30T21:22:50","guid":{"rendered":"https:\/\/elixir.art.br\/wp\/?page_id=249"},"modified":"2022-10-21T11:51:37","modified_gmt":"2022-10-21T14:51:37","slug":"beneficios","status":"publish","type":"page","link":"https:\/\/elxrskincare.com.br\/loja\/beneficios\/","title":{"rendered":"Beleza &#038; ci\u00eancia"},"content":{"rendered":"\t\t<div data-elementor-type=\"wp-page\" data-elementor-id=\"249\" class=\"elementor elementor-249\">\n\t\t\t\t\t\t<section class=\"elementor-section elementor-top-section elementor-element elementor-element-553ba1c elementor-section-boxed elementor-section-height-default elementor-section-height-default\" data-id=\"553ba1c\" data-element_type=\"section\">\n\t\t\t\t\t\t<div class=\"elementor-container elementor-column-gap-default\">\n\t\t\t\t\t<div class=\"elementor-column elementor-col-50 elementor-top-column elementor-element elementor-element-b459a66 elementor-hidden-phone elementor-invisible\" data-id=\"b459a66\" data-element_type=\"column\" data-settings=\"{&quot;background_background&quot;:&quot;classic&quot;,&quot;animation&quot;:&quot;fadeInLeft&quot;}\">\n\t\t\t<div class=\"elementor-widget-wrap\">\n\t\t\t\t\t\t\t<\/div>\n\t\t<\/div>\n\t\t\t\t<div class=\"elementor-column elementor-col-50 elementor-top-column elementor-element elementor-element-d515e1f elementor-invisible\" data-id=\"d515e1f\" data-element_type=\"column\" data-settings=\"{&quot;animation&quot;:&quot;fadeInRight&quot;}\">\n\t\t\t<div class=\"elementor-widget-wrap elementor-element-populated\">\n\t\t\t\t\t\t<div class=\"elementor-element elementor-element-05901cc elementor-invisible elementor-widget elementor-widget-text-editor\" data-id=\"05901cc\" data-element_type=\"widget\" data-settings=\"{&quot;_animation&quot;:&quot;fadeInUp&quot;}\" data-widget_type=\"text-editor.default\">\n\t\t\t\t<div class=\"elementor-widget-container\">\n\t\t\t\t\t\t\t<p>Nascida do desejo de consumo de beleza integral e cosm\u00e9ticos naturais com alta performance, a trilogia ELXR \u00e9 a concretiza\u00e7\u00e3o de sa\u00fade e beleza hol\u00edstica (360 graus).<\/p>\n<p>Sabedoria do passado e futuro biotecnol\u00f3gico se encontram lindamente para ativar seu presente, na sinergia de ativos biofermentados , prebi\u00f3ticos e pool de antioxidantes naturais<\/p>\n<p>Ativos n\u00e3o t\u00f3xicos, beleza limpa para trabalhar a favor do fortalecimento do seu ecossistema cut\u00e2neo.<\/p>\n<p>Glow natural, com hidrata\u00e7\u00e3o biocompat\u00edvel, suave preenchimento de linhas e lifting.<\/p>\n<p>Semeie a sua pele, para que ela possa, saud\u00e1vel e fortalecida, florescer.<\/p>\n<h3><strong>Beleza \u00e9 Sa\u00fade.<\/strong><\/h3>\t\t\t\t\t\t<\/div>\n\t\t\t\t<\/div>\n\t\t\t\t<div class=\"elementor-element elementor-element-682fcd4 elementor-hidden-desktop elementor-hidden-tablet elementor-widget elementor-widget-image\" data-id=\"682fcd4\" data-element_type=\"widget\" data-widget_type=\"image.default\">\n\t\t\t\t<div class=\"elementor-widget-container\">\n\t\t\t\t\t\t\t\t\t\t\t\t\t<img fetchpriority=\"high\" decoding=\"async\" width=\"300\" height=\"200\" src=\"https:\/\/elxrskincare.com.br\/loja\/wp-content\/uploads\/2021\/02\/190cb003d20c7be478919d7a3d29c777-300x200.jpg\" class=\"attachment-medium size-medium wp-image-4235\" alt=\"\" srcset=\"https:\/\/elxrskincare.com.br\/loja\/wp-content\/uploads\/2021\/02\/190cb003d20c7be478919d7a3d29c777-300x200.jpg 300w, https:\/\/elxrskincare.com.br\/loja\/wp-content\/uploads\/2021\/02\/190cb003d20c7be478919d7a3d29c777-555x370.jpg 555w, https:\/\/elxrskincare.com.br\/loja\/wp-content\/uploads\/2021\/02\/190cb003d20c7be478919d7a3d29c777.jpg 564w\" sizes=\"(max-width: 300px) 100vw, 300px\" \/>\t\t\t\t\t\t\t\t\t\t\t\t\t<\/div>\n\t\t\t\t<\/div>\n\t\t\t\t\t<\/div>\n\t\t<\/div>\n\t\t\t\t\t<\/div>\n\t\t<\/section>\n\t\t\t\t<section class=\"elementor-section elementor-top-section elementor-element elementor-element-6dc19aa elementor-section-boxed elementor-section-height-default elementor-section-height-default\" data-id=\"6dc19aa\" data-element_type=\"section\">\n\t\t\t\t\t\t<div class=\"elementor-container elementor-column-gap-default\">\n\t\t\t\t\t<div class=\"elementor-column elementor-col-50 elementor-top-column elementor-element elementor-element-25c5ef6 elementor-invisible\" data-id=\"25c5ef6\" data-element_type=\"column\" data-settings=\"{&quot;background_background&quot;:&quot;classic&quot;,&quot;animation&quot;:&quot;fadeInLeft&quot;}\">\n\t\t\t<div class=\"elementor-widget-wrap elementor-element-populated\">\n\t\t\t\t\t\t<div class=\"elementor-element elementor-element-a2ef512 elementor-invisible elementor-widget elementor-widget-text-editor\" data-id=\"a2ef512\" data-element_type=\"widget\" data-settings=\"{&quot;_animation&quot;:&quot;fadeInUp&quot;}\" data-widget_type=\"text-editor.default\">\n\t\t\t\t<div class=\"elementor-widget-container\">\n\t\t\t\t\t\t\t<p><strong>O QUE \u00c9 \u201c\u2019INFLAMMAGING\u201d\u2019 ? <\/strong><\/p>\n<p>Inflammaging \u00e9 um novo campo de pesquisa cient\u00edfica e corresponde ao processo microinflamat\u00f3rio cr\u00f4nico e silencioso, que \u00e9 relacionado ao envelhecimento.<\/p>\n<p>Inflammaging difere do conceito da tradicional inflama\u00e7\u00e3o aguda. A ativa\u00e7\u00e3o da resposta inflamat\u00f3ria aumenta a libera\u00e7\u00e3o de mediadores inflamat\u00f3rios dos queratin\u00f3citos e o resultado \u00e9 um est\u00e1gio cr\u00f4nico de micro-inflama\u00e7\u00e3o que acelera o envelhecimento pois induz esp\u00e9cies reativas de oxig\u00eanio, levando \u00e0 uma perda da tonicidade, elasticidade e firmeza, deixando-a opaca, comprometendo a fun\u00e7\u00e3o barreira da pele.<\/p>\n<p>Uma fun\u00e7\u00e3o de barreira comprometida, resulta em mais inflama\u00e7\u00e3o, resultando um \u201cc\u00edrculo vicioso\u201d.<\/p>\n<p>A resposta 100% natural para o Inflammaging : ativar propriedades antioxidantes e fortalecedoras, as quais ir\u00e3o minimizar os danos causadores do envelhecimento cut\u00e2neo, atuando assim como ativo multifuncional no combate ao envelhecimento prematuro da pele.<\/p>\n<p>ELXR possui ativos em sinergia para combater de forma natural a inflama\u00e7\u00e3o cr\u00f4nica e proteger dos danos ambientais , fortalecendo a barreira cut\u00e2nea, hidratando de forma biocompat\u00edvel e com ativos antioxidantes.<\/p>\n<p>Para rotina anti-inflamat\u00f3ria, muito al\u00e9m do skincare adote um estilo de vida saud\u00e1vel, com ingesta de micro e macronutrientes, antioxidantes e uma alimenta\u00e7\u00e3o naturalmente livre de aditivos e industrializados, sono reparador, exerc\u00edcios f\u00edsicos moderados e controle de stress.<\/p>\t\t\t\t\t\t<\/div>\n\t\t\t\t<\/div>\n\t\t\t\t<div class=\"elementor-element elementor-element-21563eb elementor-hidden-desktop elementor-hidden-tablet elementor-widget elementor-widget-image\" data-id=\"21563eb\" data-element_type=\"widget\" data-widget_type=\"image.default\">\n\t\t\t\t<div class=\"elementor-widget-container\">\n\t\t\t\t\t\t\t\t\t\t\t\t\t<img decoding=\"async\" width=\"300\" height=\"218\" src=\"https:\/\/elxrskincare.com.br\/loja\/wp-content\/uploads\/2021\/02\/Untitled-2-300x218.jpg\" class=\"attachment-medium size-medium wp-image-4246\" alt=\"\" srcset=\"https:\/\/elxrskincare.com.br\/loja\/wp-content\/uploads\/2021\/02\/Untitled-2-300x218.jpg 300w, https:\/\/elxrskincare.com.br\/loja\/wp-content\/uploads\/2021\/02\/Untitled-2-555x402.jpg 555w, https:\/\/elxrskincare.com.br\/loja\/wp-content\/uploads\/2021\/02\/Untitled-2-768x557.jpg 768w, https:\/\/elxrskincare.com.br\/loja\/wp-content\/uploads\/2021\/02\/Untitled-2.jpg 800w\" sizes=\"(max-width: 300px) 100vw, 300px\" \/>\t\t\t\t\t\t\t\t\t\t\t\t\t<\/div>\n\t\t\t\t<\/div>\n\t\t\t\t\t<\/div>\n\t\t<\/div>\n\t\t\t\t<div class=\"elementor-column elementor-col-50 elementor-top-column elementor-element elementor-element-fe79a02 elementor-hidden-phone elementor-invisible\" data-id=\"fe79a02\" data-element_type=\"column\" data-settings=\"{&quot;animation&quot;:&quot;fadeInRight&quot;,&quot;background_background&quot;:&quot;classic&quot;}\">\n\t\t\t<div class=\"elementor-widget-wrap\">\n\t\t\t\t\t\t\t<\/div>\n\t\t<\/div>\n\t\t\t\t\t<\/div>\n\t\t<\/section>\n\t\t\t\t<section class=\"elementor-section elementor-top-section elementor-element elementor-element-82ecfea elementor-section-boxed elementor-section-height-default elementor-section-height-default\" data-id=\"82ecfea\" data-element_type=\"section\">\n\t\t\t\t\t\t<div class=\"elementor-container elementor-column-gap-default\">\n\t\t\t\t\t<div class=\"elementor-column elementor-col-50 elementor-top-column elementor-element elementor-element-4e4cf16 elementor-hidden-phone elementor-invisible\" data-id=\"4e4cf16\" data-element_type=\"column\" data-settings=\"{&quot;background_background&quot;:&quot;classic&quot;,&quot;animation&quot;:&quot;fadeInLeft&quot;}\">\n\t\t\t<div class=\"elementor-widget-wrap\">\n\t\t\t\t\t\t\t<\/div>\n\t\t<\/div>\n\t\t\t\t<div class=\"elementor-column elementor-col-50 elementor-top-column elementor-element elementor-element-fbe2a06 elementor-invisible\" data-id=\"fbe2a06\" data-element_type=\"column\" data-settings=\"{&quot;animation&quot;:&quot;fadeInRight&quot;}\">\n\t\t\t<div class=\"elementor-widget-wrap elementor-element-populated\">\n\t\t\t\t\t\t<div class=\"elementor-element elementor-element-9206944 elementor-invisible elementor-widget elementor-widget-text-editor\" data-id=\"9206944\" data-element_type=\"widget\" data-settings=\"{&quot;_animation&quot;:&quot;fadeInUp&quot;}\" data-widget_type=\"text-editor.default\">\n\t\t\t\t<div class=\"elementor-widget-container\">\n\t\t\t\t\t\t\t<p><strong>O EIXO INTESTINO-CEREBRO-PELE ( GUT-BRAIN-SKIN AXIS)<\/strong><\/p><p>Seu corpo est\u00e1 completamente <strong>conectado, <\/strong>as c\u00e9lulas na pele, c\u00e9rebro e intestino est\u00e3o ligadas por sua origem embrion\u00e1ria comum.<\/p><p>Disfun\u00e7\u00f5es intestinais subjacentes, como s\u00edndrome do intestino perme\u00e1vel (leaky gut) , SIBO (supercrescimento bacteriano do intestino delgado) e desequil\u00edbrio do microbioma (disbiose)\u00a0contribuem tamb\u00e9m para problemas de pele .<\/p><p>A chave para criar uma sa\u00fade vibrante e uma pele radiante , sentir-se jovem em qualquer idade \u00e9 tratar holisticamente seu corpo, seu ecossistema, semeando a sa\u00fade em todos os n\u00edveis, otimizando todas as respostas anti- inflamat\u00f3rias e trazendo resultados (pele, energia, imunidade).<\/p>\t\t\t\t\t\t<\/div>\n\t\t\t\t<\/div>\n\t\t\t\t<div class=\"elementor-element elementor-element-2cda4df elementor-hidden-desktop elementor-hidden-tablet elementor-widget elementor-widget-image\" data-id=\"2cda4df\" data-element_type=\"widget\" data-widget_type=\"image.default\">\n\t\t\t\t<div class=\"elementor-widget-container\">\n\t\t\t\t\t\t\t\t\t\t\t\t\t<img decoding=\"async\" src=\"https:\/\/elxrskincare.com.br\/loja\/wp-content\/uploads\/2021\/02\/77569afb561ce0dc315d1c427a47f582-262x328.jpg\" title=\"77569afb561ce0dc315d1c427a47f582\" alt=\"77569afb561ce0dc315d1c427a47f582\" loading=\"lazy\" \/>\t\t\t\t\t\t\t\t\t\t\t\t\t<\/div>\n\t\t\t\t<\/div>\n\t\t\t\t\t<\/div>\n\t\t<\/div>\n\t\t\t\t\t<\/div>\n\t\t<\/section>\n\t\t\t\t<section class=\"elementor-section elementor-top-section elementor-element elementor-element-32d0dab elementor-section-boxed elementor-section-height-default elementor-section-height-default\" data-id=\"32d0dab\" data-element_type=\"section\">\n\t\t\t\t\t\t<div class=\"elementor-container elementor-column-gap-default\">\n\t\t\t\t\t<div class=\"elementor-column elementor-col-50 elementor-top-column elementor-element elementor-element-17076f8 elementor-invisible\" data-id=\"17076f8\" data-element_type=\"column\" data-settings=\"{&quot;background_background&quot;:&quot;classic&quot;,&quot;animation&quot;:&quot;fadeInLeft&quot;}\">\n\t\t\t<div class=\"elementor-widget-wrap elementor-element-populated\">\n\t\t\t\t\t\t<div class=\"elementor-element elementor-element-ab304b1 elementor-invisible elementor-widget elementor-widget-text-editor\" data-id=\"ab304b1\" data-element_type=\"widget\" data-settings=\"{&quot;_animation&quot;:&quot;fadeInUp&quot;}\" data-widget_type=\"text-editor.default\">\n\t\t\t\t<div class=\"elementor-widget-container\">\n\t\t\t\t\t\t\t<p><strong>O QUE S\u00c3O PROBI\u00d3TICOS PARA A PELE?<\/strong><\/p><p>Probi\u00f3ticos para a pele s\u00e3o fragmentos de cepas (conjuntos de bact\u00e9rias semelhantes) que atuam restaurando o microbioma cut\u00e2neo.<\/p><p>Eles tamb\u00e9m estimulam a produ\u00e7\u00e3o de antibi\u00f3ticos naturais, \u00e1cido hialur\u00f4nico, \u00e1cido l\u00e1tico e ceramidas na pele.<\/p><p>Essas propriedades dos probi\u00f3ticos contribuem para o refor\u00e7o da barreira de defesa da pele, hidrata\u00e7\u00e3o e para a prote\u00e7\u00e3o contra micro-organismos causadores de problemas na pele.<\/p><p>Estudos comprovam que probi\u00f3ticos tamb\u00e9m atuam nos fatores de crescimento e renova\u00e7\u00e3o celular, aumentando a densidade (leia se um aumento de volume natural, biol\u00f3gico) da pele.<\/p><p>A microflora da pele equilibrada desempenha um papel crucial na regula\u00e7\u00e3o da inflama\u00e7\u00e3o. ( <strong>\u2019INFLAMMAGING\u2019 )<\/strong><\/p>\t\t\t\t\t\t<\/div>\n\t\t\t\t<\/div>\n\t\t\t\t\t<\/div>\n\t\t<\/div>\n\t\t\t\t<div class=\"elementor-column elementor-col-50 elementor-top-column elementor-element elementor-element-5ce0b9c elementor-hidden-phone elementor-invisible\" data-id=\"5ce0b9c\" data-element_type=\"column\" data-settings=\"{&quot;animation&quot;:&quot;fadeInRight&quot;,&quot;background_background&quot;:&quot;classic&quot;}\">\n\t\t\t<div class=\"elementor-widget-wrap\">\n\t\t\t\t\t\t\t<\/div>\n\t\t<\/div>\n\t\t\t\t\t<\/div>\n\t\t<\/section>\n\t\t\t\t<section class=\"elementor-section elementor-top-section elementor-element elementor-element-819c202 elementor-section-boxed elementor-section-height-default elementor-section-height-default\" data-id=\"819c202\" data-element_type=\"section\">\n\t\t\t\t\t\t<div class=\"elementor-container elementor-column-gap-default\">\n\t\t\t\t\t<div class=\"elementor-column elementor-col-50 elementor-top-column elementor-element elementor-element-699b542 elementor-hidden-phone elementor-invisible\" data-id=\"699b542\" data-element_type=\"column\" data-settings=\"{&quot;background_background&quot;:&quot;classic&quot;,&quot;animation&quot;:&quot;fadeInLeft&quot;}\">\n\t\t\t<div class=\"elementor-widget-wrap\">\n\t\t\t\t\t\t\t<\/div>\n\t\t<\/div>\n\t\t\t\t<div class=\"elementor-column elementor-col-50 elementor-top-column elementor-element elementor-element-2548879 elementor-invisible\" data-id=\"2548879\" data-element_type=\"column\" data-settings=\"{&quot;animation&quot;:&quot;fadeInRight&quot;}\">\n\t\t\t<div class=\"elementor-widget-wrap elementor-element-populated\">\n\t\t\t\t\t\t<div class=\"elementor-element elementor-element-55d12e3 elementor-invisible elementor-widget elementor-widget-text-editor\" data-id=\"55d12e3\" data-element_type=\"widget\" data-settings=\"{&quot;_animation&quot;:&quot;fadeInUp&quot;}\" data-widget_type=\"text-editor.default\">\n\t\t\t\t<div class=\"elementor-widget-container\">\n\t\t\t\t\t\t\t<p><strong>EFEITOS DE PR\u00c9+PROBI\u00d3TICOS NA PELE<\/strong><\/p><p>Prebi\u00f3ticos s\u00e3o skinfood, alimentam e fortalecem a microbiota cut\u00e2nea. A sinergia entre pre+probi\u00f3ticos fortalecem a barreira cutanea e acalmam a pele.<\/p><p>Protegem, hidratam, mantem o pH, servem como escudo protetor de pat\u00f3genos e agentes agressores externos.<\/p><p>Est\u00e3o em oposi\u00e7\u00e3o a ativos qu\u00edmicos que esfoliam e reduzem a barreira cut\u00e2nea (ativos qu\u00edmicos, \u00e1cidos, peelings, que agem retirando a camada mais externa da pele, trazendo como consequ\u00eancia uma pele fragilizada).<\/p><p>O resultado da sinergia de ELXR \u00e9 uma pele fortalecida de dentro para fora, trabalhando em sintonia com a renova\u00e7\u00e3o celular, entregando como resultado um glow natural.<\/p><p>Estudos comprovam que probi\u00f3ticos tamb\u00e9m atuam nos fatores de crescimento e renova\u00e7\u00e3o celular, aumentando a densidade (leia se um aumento de volume natural, biol\u00f3gico) da pele e atuando contra o inflammaging.<\/p>\t\t\t\t\t\t<\/div>\n\t\t\t\t<\/div>\n\t\t\t\t<div class=\"elementor-element elementor-element-3f85a53 elementor-hidden-desktop elementor-hidden-tablet elementor-widget elementor-widget-image\" data-id=\"3f85a53\" data-element_type=\"widget\" data-widget_type=\"image.default\">\n\t\t\t\t<div class=\"elementor-widget-container\">\n\t\t\t\t\t\t\t\t\t\t\t\t\t<img decoding=\"async\" src=\"https:\/\/elxrskincare.com.br\/loja\/wp-content\/uploads\/2021\/02\/imagem-4-555x372.jpeg\" title=\"imagem 4\" alt=\"imagem 4\" loading=\"lazy\" \/>\t\t\t\t\t\t\t\t\t\t\t\t\t<\/div>\n\t\t\t\t<\/div>\n\t\t\t\t\t<\/div>\n\t\t<\/div>\n\t\t\t\t\t<\/div>\n\t\t<\/section>\n\t\t\t\t<section class=\"elementor-section elementor-top-section elementor-element elementor-element-a57a74b elementor-section-boxed elementor-section-height-default elementor-section-height-default\" data-id=\"a57a74b\" data-element_type=\"section\">\n\t\t\t\t\t\t<div class=\"elementor-container elementor-column-gap-default\">\n\t\t\t\t\t<div class=\"elementor-column elementor-col-50 elementor-top-column elementor-element elementor-element-2066de4 elementor-invisible\" data-id=\"2066de4\" data-element_type=\"column\" data-settings=\"{&quot;animation&quot;:&quot;fadeInRight&quot;}\">\n\t\t\t<div class=\"elementor-widget-wrap elementor-element-populated\">\n\t\t\t\t\t\t<div class=\"elementor-element elementor-element-eaa8023 elementor-invisible elementor-widget elementor-widget-text-editor\" data-id=\"eaa8023\" data-element_type=\"widget\" data-settings=\"{&quot;_animation&quot;:&quot;fadeInUp&quot;}\" data-widget_type=\"text-editor.default\">\n\t\t\t\t<div class=\"elementor-widget-container\">\n\t\t\t\t\t\t\t<h3><strong>GLOW<\/strong><\/h3><h3>\u00a0<\/h3><h4><strong>A SOLUC\u00c3O HOL\u00cdSTICA<\/strong><\/h4><p>\u00a0<\/p><p>Apoiando o microbioma cut\u00e2neo com cosm\u00e9ticos bi\u00f3ticos, sua pele ir\u00e1 florescer mais forte e saud\u00e1vel.<\/p><p>Pele saud\u00e1vel e com radi\u00e2ncia natural, de dentro para fora.<\/p>\t\t\t\t\t\t<\/div>\n\t\t\t\t<\/div>\n\t\t\t\t\t<\/div>\n\t\t<\/div>\n\t\t\t\t<div class=\"elementor-column elementor-col-50 elementor-top-column elementor-element elementor-element-d49838b elementor-hidden-phone elementor-invisible\" data-id=\"d49838b\" data-element_type=\"column\" data-settings=\"{&quot;background_background&quot;:&quot;classic&quot;,&quot;animation&quot;:&quot;fadeInLeft&quot;}\">\n\t\t\t<div class=\"elementor-widget-wrap\">\n\t\t\t\t\t\t\t<\/div>\n\t\t<\/div>\n\t\t\t\t\t<\/div>\n\t\t<\/section>\n\t\t\t\t<section class=\"elementor-section elementor-top-section elementor-element elementor-element-2b0018f5 elementor-section-boxed elementor-section-height-default elementor-section-height-default\" data-id=\"2b0018f5\" data-element_type=\"section\">\n\t\t\t\t\t\t<div class=\"elementor-container elementor-column-gap-default\">\n\t\t\t\t\t<div class=\"elementor-column elementor-col-100 elementor-top-column elementor-element elementor-element-229cc723\" data-id=\"229cc723\" data-element_type=\"column\">\n\t\t\t<div class=\"elementor-widget-wrap\">\n\t\t\t\t\t\t\t<\/div>\n\t\t<\/div>\n\t\t\t\t\t<\/div>\n\t\t<\/section>\n\t\t\t\t<\/div>\n\t\t","protected":false},"excerpt":{"rendered":"<p>Nascida do desejo de consumo de beleza integral e cosm\u00e9ticos naturais com alta performance, a trilogia ELXR \u00e9 a concretiza\u00e7\u00e3o de sa\u00fade e beleza hol\u00edstica (360 graus). Sabedoria do passado e futuro biotecnol\u00f3gico se encontram lindamente para ativar seu presente, na sinergia de ativos biofermentados , prebi\u00f3ticos e pool de antioxidantes naturais Ativos n\u00e3o t\u00f3xicos, [&hellip;]<\/p>\n","protected":false},"author":1,"featured_media":4196,"parent":0,"menu_order":0,"comment_status":"closed","ping_status":"closed","template":"template-fullwidth-interna.php","meta":{"_acf_changed":false,"_joinchat":[],"footnotes":""},"class_list":["post-249","page","type-page","status-publish","has-post-thumbnail","hentry"],"acf":[],"_links":{"self":[{"href":"https:\/\/elxrskincare.com.br\/loja\/wp-json\/wp\/v2\/pages\/249","targetHints":{"allow":["GET"]}}],"collection":[{"href":"https:\/\/elxrskincare.com.br\/loja\/wp-json\/wp\/v2\/pages"}],"about":[{"href":"https:\/\/elxrskincare.com.br\/loja\/wp-json\/wp\/v2\/types\/page"}],"author":[{"embeddable":true,"href":"https:\/\/elxrskincare.com.br\/loja\/wp-json\/wp\/v2\/users\/1"}],"replies":[{"embeddable":true,"href":"https:\/\/elxrskincare.com.br\/loja\/wp-json\/wp\/v2\/comments?post=249"}],"version-history":[{"count":5,"href":"https:\/\/elxrskincare.com.br\/loja\/wp-json\/wp\/v2\/pages\/249\/revisions"}],"predecessor-version":[{"id":4808,"href":"https:\/\/elxrskincare.com.br\/loja\/wp-json\/wp\/v2\/pages\/249\/revisions\/4808"}],"wp:featuredmedia":[{"embeddable":true,"href":"https:\/\/elxrskincare.com.br\/loja\/wp-json\/wp\/v2\/media\/4196"}],"wp:attachment":[{"href":"https:\/\/elxrskincare.com.br\/loja\/wp-json\/wp\/v2\/media?parent=249"}],"curies":[{"name":"wp","href":"https:\/\/api.w.org\/{rel}","templated":true}]}}